{"id":16,"date":"2021-02-02T06:32:13","date_gmt":"2021-02-02T06:32:13","guid":{"rendered":"http:\/\/grobelnik.si\/?page_id=16"},"modified":"2025-05-27T13:00:57","modified_gmt":"2025-05-27T11:00:57","slug":"sobe","status":"publish","type":"page","link":"https:\/\/grobelnik.si\/en\/sobe\/","title":{"rendered":"Comfortable rooms"},"content":{"rendered":"<div id=\"dslc-theme-content\"><div id=\"dslc-theme-content-inner\"><p>Nicely furnished double rooms, large beds, cable TV with LCD screen, air-conditioner with independent regulation, free internet, shower, toilet, hair dryer, towels, bath towels.<\/p>\n<p><img loading=\"lazy\" decoding=\"async\" class=\"alignnone size-medium wp-image-538\" src=\"https:\/\/grobelnik.si\/wp-content\/uploads\/2025\/05\/TK-Grobelnik-zunanjost-in-notranjost-2025_31-300x200.jpg\" alt=\"\" width=\"300\" height=\"200\" srcset=\"https:\/\/grobelnik.si\/wp-content\/uploads\/2025\/05\/TK-Grobelnik-zunanjost-in-notranjost-2025_31-300x200.jpg 300w, https:\/\/grobelnik.si\/wp-content\/uploads\/2025\/05\/TK-Grobelnik-zunanjost-in-notranjost-2025_31-1024x681.jpg 1024w, https:\/\/grobelnik.si\/wp-content\/uploads\/2025\/05\/TK-Grobelnik-zunanjost-in-notranjost-2025_31-768x511.jpg 768w, https:\/\/grobelnik.si\/wp-content\/uploads\/2025\/05\/TK-Grobelnik-zunanjost-in-notranjost-2025_31-1536x1022.jpg 1536w, https:\/\/grobelnik.si\/wp-content\/uploads\/2025\/05\/TK-Grobelnik-zunanjost-in-notranjost-2025_31-451x300.jpg 451w, https:\/\/grobelnik.si\/wp-content\/uploads\/2025\/05\/TK-Grobelnik-zunanjost-in-notranjost-2025_31.jpg 1920w\" sizes=\"auto, (max-width: 300px) 100vw, 300px\" \/>\u00a0<img loading=\"lazy\" decoding=\"async\" class=\"alignnone wp-image-536 size-medium\" src=\"https:\/\/grobelnik.si\/wp-content\/uploads\/2025\/05\/TK-Grobelnik-zunanjost-in-notranjost-2025_48-300x200.jpg\" alt=\"\" width=\"300\" height=\"200\" srcset=\"https:\/\/grobelnik.si\/wp-content\/uploads\/2025\/05\/TK-Grobelnik-zunanjost-in-notranjost-2025_48-300x200.jpg 300w, https:\/\/grobelnik.si\/wp-content\/uploads\/2025\/05\/TK-Grobelnik-zunanjost-in-notranjost-2025_48-1024x681.jpg 1024w, https:\/\/grobelnik.si\/wp-content\/uploads\/2025\/05\/TK-Grobelnik-zunanjost-in-notranjost-2025_48-768x511.jpg 768w, https:\/\/grobelnik.si\/wp-content\/uploads\/2025\/05\/TK-Grobelnik-zunanjost-in-notranjost-2025_48-1536x1022.jpg 1536w, https:\/\/grobelnik.si\/wp-content\/uploads\/2025\/05\/TK-Grobelnik-zunanjost-in-notranjost-2025_48-451x300.jpg 451w, https:\/\/grobelnik.si\/wp-content\/uploads\/2025\/05\/TK-Grobelnik-zunanjost-in-notranjost-2025_48.jpg 1920w\" sizes=\"auto, (max-width: 300px) 100vw, 300px\" \/><\/p>\n<p><img loading=\"lazy\" decoding=\"async\" class=\"alignnone size-medium wp-image-539\" src=\"https:\/\/grobelnik.si\/wp-content\/uploads\/2025\/05\/TK-Grobelnik-zunanjost-in-notranjost-2025_71-200x300.jpg\" alt=\"\" width=\"200\" height=\"300\" srcset=\"https:\/\/grobelnik.si\/wp-content\/uploads\/2025\/05\/TK-Grobelnik-zunanjost-in-notranjost-2025_71-200x300.jpg 200w, https:\/\/grobelnik.si\/wp-content\/uploads\/2025\/05\/TK-Grobelnik-zunanjost-in-notranjost-2025_71-682x1024.jpg 682w, https:\/\/grobelnik.si\/wp-content\/uploads\/2025\/05\/TK-Grobelnik-zunanjost-in-notranjost-2025_71-768x1154.jpg 768w, https:\/\/grobelnik.si\/wp-content\/uploads\/2025\/05\/TK-Grobelnik-zunanjost-in-notranjost-2025_71-1022x1536.jpg 1022w, https:\/\/grobelnik.si\/wp-content\/uploads\/2025\/05\/TK-Grobelnik-zunanjost-in-notranjost-2025_71.jpg 1278w\" sizes=\"auto, (max-width: 200px) 100vw, 200px\" \/> <img loading=\"lazy\" decoding=\"async\" class=\"alignnone size-medium wp-image-540\" src=\"https:\/\/grobelnik.si\/wp-content\/uploads\/2025\/05\/TK-Grobelnik-zunanjost-in-notranjost-2025_74-200x300.jpg\" alt=\"\" width=\"200\" height=\"300\" srcset=\"https:\/\/grobelnik.si\/wp-content\/uploads\/2025\/05\/TK-Grobelnik-zunanjost-in-notranjost-2025_74-200x300.jpg 200w, https:\/\/grobelnik.si\/wp-content\/uploads\/2025\/05\/TK-Grobelnik-zunanjost-in-notranjost-2025_74-681x1024.jpg 681w, https:\/\/grobelnik.si\/wp-content\/uploads\/2025\/05\/TK-Grobelnik-zunanjost-in-notranjost-2025_74-768x1155.jpg 768w, https:\/\/grobelnik.si\/wp-content\/uploads\/2025\/05\/TK-Grobelnik-zunanjost-in-notranjost-2025_74-1022x1536.jpg 1022w, https:\/\/grobelnik.si\/wp-content\/uploads\/2025\/05\/TK-Grobelnik-zunanjost-in-notranjost-2025_74.jpg 1277w\" sizes=\"auto, (max-width: 200px) 100vw, 200px\" \/><\/p>\n<h3>Price list<\/h3>\n<ul>\n<li>Overnight stay with breakfast \u20ac36.00 + tourist tax<\/li>\n<li>Overnight stay \u20ac30.00 + tourist tax<\/li>\n<li>Dinner \u20ac14.00\/person and \u00e0 la carte<\/li>\n<li>Extra charge for single room \u20ac15.00\/day<\/li>\n<li>Extra charge for pets \u20ac10.00\/day<\/li>\n<li>Discounts for children: aged 3 or less free of charge, if using a bed with parents, aged 3 to 8 get a 30% discount.<\/li>\n<\/ul>\n<p>&nbsp;<\/p><\/div><\/div>","protected":false},"excerpt":{"rendered":"<p>Nicely furnished double rooms, large beds, cable TV with LCD screen, air-conditioner with independent regulation, free internet, shower, toilet, hair dryer, towels, bath towels. \u00a0 Price list Overnight stay with breakfast \u20ac36.00 + tourist tax Overnight stay \u20ac30.00 + tourist tax Dinner \u20ac14.00\/person and \u00e0 la carte Extra charge for single room \u20ac15.00\/day Extra charge [&hellip;]<\/p>\n","protected":false},"author":1,"featured_media":190,"parent":0,"menu_order":0,"comment_status":"closed","ping_status":"closed","template":"","meta":{"footnotes":""},"class_list":["post-16","page","type-page","status-publish","has-post-thumbnail","hentry"],"yoast_head":"<!-- This site is optimized with the Yoast SEO plugin v27.4 - https:\/\/yoast.com\/product\/yoast-seo-wordpress\/ -->\n<title>Comfortable rooms - Turisti\u010dna kmetija Grobelnik<\/title>\n<meta name=\"robots\" content=\"index, follow, max-snippet:-1, max-image-preview:large, max-video-preview:-1\" \/>\n<link rel=\"canonical\" href=\"https:\/\/grobelnik.si\/sobe\/\" \/>\n<meta property=\"og:locale\" content=\"en_US\" \/>\n<meta property=\"og:type\" content=\"article\" \/>\n<meta property=\"og:title\" content=\"[:sl]Udobne sobe[:en]Comfortable rooms[:] - Turisti\u010dna kmetija Grobelnik\" \/>\n<meta property=\"og:description\" content=\"Nicely furnished double rooms, large beds, cable TV with LCD screen, air-conditioner with independent regulation, free internet, shower, toilet, hair dryer, towels, bath towels. \u00a0 Price list Overnight stay with breakfast \u20ac36.00 + tourist tax Overnight stay \u20ac30.00 + tourist tax Dinner \u20ac14.00\/person and \u00e0 la carte Extra charge for single room \u20ac15.00\/day Extra charge [&hellip;]\" \/>\n<meta property=\"og:url\" content=\"https:\/\/grobelnik.si\/sobe\/\" \/>\n<meta property=\"og:site_name\" content=\"Turisti\u010dna kmetija Grobelnik\" \/>\n<meta property=\"article:publisher\" content=\"https:\/\/www.facebook.com\/tkgrobelnik\/\" \/>\n<meta property=\"article:modified_time\" content=\"2025-05-27T11:00:57+00:00\" \/>\n<meta property=\"og:image\" content=\"https:\/\/grobelnik.si\/wp-content\/uploads\/2021\/03\/sobe.jpg\" \/>\n\t<meta property=\"og:image:width\" content=\"1920\" \/>\n\t<meta property=\"og:image:height\" content=\"474\" \/>\n\t<meta property=\"og:image:type\" content=\"image\/jpeg\" \/>\n<meta name=\"twitter:card\" content=\"summary_large_image\" \/>\n<meta name=\"twitter:label1\" content=\"Est. reading time\" \/>\n\t<meta name=\"twitter:data1\" content=\"1 minute\" \/>\n<script type=\"application\/ld+json\" class=\"yoast-schema-graph\">{\"@context\":\"https:\\\/\\\/schema.org\",\"@graph\":[{\"@type\":\"WebPage\",\"@id\":\"https:\\\/\\\/grobelnik.si\\\/sobe\\\/\",\"url\":\"https:\\\/\\\/grobelnik.si\\\/sobe\\\/\",\"name\":\"[:sl]Udobne sobe[:en]Comfortable rooms[:] - Turisti\u010dna kmetija Grobelnik\",\"isPartOf\":{\"@id\":\"https:\\\/\\\/grobelnik.si\\\/#website\"},\"primaryImageOfPage\":{\"@id\":\"https:\\\/\\\/grobelnik.si\\\/sobe\\\/#primaryimage\"},\"image\":{\"@id\":\"https:\\\/\\\/grobelnik.si\\\/sobe\\\/#primaryimage\"},\"thumbnailUrl\":\"https:\\\/\\\/grobelnik.si\\\/wp-content\\\/uploads\\\/2021\\\/03\\\/sobe.jpg\",\"datePublished\":\"2021-02-02T06:32:13+00:00\",\"dateModified\":\"2025-05-27T11:00:57+00:00\",\"breadcrumb\":{\"@id\":\"https:\\\/\\\/grobelnik.si\\\/sobe\\\/#breadcrumb\"},\"inLanguage\":\"en-US\",\"potentialAction\":[{\"@type\":\"ReadAction\",\"target\":[\"https:\\\/\\\/grobelnik.si\\\/sobe\\\/\"]}]},{\"@type\":\"ImageObject\",\"inLanguage\":\"en-US\",\"@id\":\"https:\\\/\\\/grobelnik.si\\\/sobe\\\/#primaryimage\",\"url\":\"https:\\\/\\\/grobelnik.si\\\/wp-content\\\/uploads\\\/2021\\\/03\\\/sobe.jpg\",\"contentUrl\":\"https:\\\/\\\/grobelnik.si\\\/wp-content\\\/uploads\\\/2021\\\/03\\\/sobe.jpg\",\"width\":1920,\"height\":474},{\"@type\":\"BreadcrumbList\",\"@id\":\"https:\\\/\\\/grobelnik.si\\\/sobe\\\/#breadcrumb\",\"itemListElement\":[{\"@type\":\"ListItem\",\"position\":1,\"name\":\"Home\",\"item\":\"https:\\\/\\\/grobelnik.si\\\/\"},{\"@type\":\"ListItem\",\"position\":2,\"name\":\"Udobne sobe\"}]},{\"@type\":\"WebSite\",\"@id\":\"https:\\\/\\\/grobelnik.si\\\/#website\",\"url\":\"https:\\\/\\\/grobelnik.si\\\/\",\"name\":\"Turisti\u010dna kmetija Grobelnik\",\"description\":\"Nastanitev za ve\u010dje skupine, polpenzioni, po\u010ditnice, no\u010ditve z zajtrki, pogostitve\",\"publisher\":{\"@id\":\"https:\\\/\\\/grobelnik.si\\\/#organization\"},\"potentialAction\":[{\"@type\":\"SearchAction\",\"target\":{\"@type\":\"EntryPoint\",\"urlTemplate\":\"https:\\\/\\\/grobelnik.si\\\/?s={search_term_string}\"},\"query-input\":{\"@type\":\"PropertyValueSpecification\",\"valueRequired\":true,\"valueName\":\"search_term_string\"}}],\"inLanguage\":\"en-US\"},{\"@type\":\"Organization\",\"@id\":\"https:\\\/\\\/grobelnik.si\\\/#organization\",\"name\":\"Turisti\u010dna kmetija Grobelnik\",\"url\":\"https:\\\/\\\/grobelnik.si\\\/\",\"logo\":{\"@type\":\"ImageObject\",\"inLanguage\":\"en-US\",\"@id\":\"https:\\\/\\\/grobelnik.si\\\/#\\\/schema\\\/logo\\\/image\\\/\",\"url\":\"https:\\\/\\\/grobelnik.si\\\/wp-content\\\/uploads\\\/2021\\\/04\\\/logo_grobelnik_vecji.jpg\",\"contentUrl\":\"https:\\\/\\\/grobelnik.si\\\/wp-content\\\/uploads\\\/2021\\\/04\\\/logo_grobelnik_vecji.jpg\",\"width\":1000,\"height\":500,\"caption\":\"Turisti\u010dna kmetija Grobelnik\"},\"image\":{\"@id\":\"https:\\\/\\\/grobelnik.si\\\/#\\\/schema\\\/logo\\\/image\\\/\"},\"sameAs\":[\"https:\\\/\\\/www.facebook.com\\\/tkgrobelnik\\\/\",\"https:\\\/\\\/www.youtube.com\\\/channel\\\/UCip3TPqIjJlNx3lD-Ss8ihw\"]}]}<\/script>\n<!-- \/ Yoast SEO plugin. -->","yoast_head_json":{"title":"[:sl]Udobne sobe[:en]Comfortable rooms[:] - Turisti\u010dna kmetija Grobelnik","robots":{"index":"index","follow":"follow","max-snippet":"max-snippet:-1","max-image-preview":"max-image-preview:large","max-video-preview":"max-video-preview:-1"},"canonical":"https:\/\/grobelnik.si\/sobe\/","og_locale":"en_US","og_type":"article","og_title":"[:sl]Udobne sobe[:en]Comfortable rooms[:] - Turisti\u010dna kmetija Grobelnik","og_description":"Nicely furnished double rooms, large beds, cable TV with LCD screen, air-conditioner with independent regulation, free internet, shower, toilet, hair dryer, towels, bath towels. \u00a0 Price list Overnight stay with breakfast \u20ac36.00 + tourist tax Overnight stay \u20ac30.00 + tourist tax Dinner \u20ac14.00\/person and \u00e0 la carte Extra charge for single room \u20ac15.00\/day Extra charge [&hellip;]","og_url":"https:\/\/grobelnik.si\/sobe\/","og_site_name":"Turisti\u010dna kmetija Grobelnik","article_publisher":"https:\/\/www.facebook.com\/tkgrobelnik\/","article_modified_time":"2025-05-27T11:00:57+00:00","og_image":[{"width":1920,"height":474,"url":"https:\/\/grobelnik.si\/wp-content\/uploads\/2021\/03\/sobe.jpg","type":"image\/jpeg"}],"twitter_card":"summary_large_image","twitter_misc":{"Est. reading time":"1 minute"},"schema":{"@context":"https:\/\/schema.org","@graph":[{"@type":"WebPage","@id":"https:\/\/grobelnik.si\/sobe\/","url":"https:\/\/grobelnik.si\/sobe\/","name":"[:sl]Udobne sobe[:en]Comfortable rooms[:] - Turisti\u010dna kmetija Grobelnik","isPartOf":{"@id":"https:\/\/grobelnik.si\/#website"},"primaryImageOfPage":{"@id":"https:\/\/grobelnik.si\/sobe\/#primaryimage"},"image":{"@id":"https:\/\/grobelnik.si\/sobe\/#primaryimage"},"thumbnailUrl":"https:\/\/grobelnik.si\/wp-content\/uploads\/2021\/03\/sobe.jpg","datePublished":"2021-02-02T06:32:13+00:00","dateModified":"2025-05-27T11:00:57+00:00","breadcrumb":{"@id":"https:\/\/grobelnik.si\/sobe\/#breadcrumb"},"inLanguage":"en-US","potentialAction":[{"@type":"ReadAction","target":["https:\/\/grobelnik.si\/sobe\/"]}]},{"@type":"ImageObject","inLanguage":"en-US","@id":"https:\/\/grobelnik.si\/sobe\/#primaryimage","url":"https:\/\/grobelnik.si\/wp-content\/uploads\/2021\/03\/sobe.jpg","contentUrl":"https:\/\/grobelnik.si\/wp-content\/uploads\/2021\/03\/sobe.jpg","width":1920,"height":474},{"@type":"BreadcrumbList","@id":"https:\/\/grobelnik.si\/sobe\/#breadcrumb","itemListElement":[{"@type":"ListItem","position":1,"name":"Home","item":"https:\/\/grobelnik.si\/"},{"@type":"ListItem","position":2,"name":"Udobne sobe"}]},{"@type":"WebSite","@id":"https:\/\/grobelnik.si\/#website","url":"https:\/\/grobelnik.si\/","name":"Turisti\u010dna kmetija Grobelnik","description":"Nastanitev za ve\u010dje skupine, polpenzioni, po\u010ditnice, no\u010ditve z zajtrki, pogostitve","publisher":{"@id":"https:\/\/grobelnik.si\/#organization"},"potentialAction":[{"@type":"SearchAction","target":{"@type":"EntryPoint","urlTemplate":"https:\/\/grobelnik.si\/?s={search_term_string}"},"query-input":{"@type":"PropertyValueSpecification","valueRequired":true,"valueName":"search_term_string"}}],"inLanguage":"en-US"},{"@type":"Organization","@id":"https:\/\/grobelnik.si\/#organization","name":"Turisti\u010dna kmetija Grobelnik","url":"https:\/\/grobelnik.si\/","logo":{"@type":"ImageObject","inLanguage":"en-US","@id":"https:\/\/grobelnik.si\/#\/schema\/logo\/image\/","url":"https:\/\/grobelnik.si\/wp-content\/uploads\/2021\/04\/logo_grobelnik_vecji.jpg","contentUrl":"https:\/\/grobelnik.si\/wp-content\/uploads\/2021\/04\/logo_grobelnik_vecji.jpg","width":1000,"height":500,"caption":"Turisti\u010dna kmetija Grobelnik"},"image":{"@id":"https:\/\/grobelnik.si\/#\/schema\/logo\/image\/"},"sameAs":["https:\/\/www.facebook.com\/tkgrobelnik\/","https:\/\/www.youtube.com\/channel\/UCip3TPqIjJlNx3lD-Ss8ihw"]}]}},"_links":{"self":[{"href":"https:\/\/grobelnik.si\/en\/wp-json\/wp\/v2\/pages\/16","targetHints":{"allow":["GET"]}}],"collection":[{"href":"https:\/\/grobelnik.si\/en\/wp-json\/wp\/v2\/pages"}],"about":[{"href":"https:\/\/grobelnik.si\/en\/wp-json\/wp\/v2\/types\/page"}],"author":[{"embeddable":true,"href":"https:\/\/grobelnik.si\/en\/wp-json\/wp\/v2\/users\/1"}],"replies":[{"embeddable":true,"href":"https:\/\/grobelnik.si\/en\/wp-json\/wp\/v2\/comments?post=16"}],"version-history":[{"count":5,"href":"https:\/\/grobelnik.si\/en\/wp-json\/wp\/v2\/pages\/16\/revisions"}],"predecessor-version":[{"id":543,"href":"https:\/\/grobelnik.si\/en\/wp-json\/wp\/v2\/pages\/16\/revisions\/543"}],"wp:featuredmedia":[{"embeddable":true,"href":"https:\/\/grobelnik.si\/en\/wp-json\/wp\/v2\/media\/190"}],"wp:attachment":[{"href":"https:\/\/grobelnik.si\/en\/wp-json\/wp\/v2\/media?parent=16"}],"curies":[{"name":"wp","href":"https:\/\/api.w.org\/{rel}","templated":true}]}}