{"id":21,"date":"2021-02-02T06:36:30","date_gmt":"2021-02-02T06:36:30","guid":{"rendered":"http:\/\/grobelnik.si\/?page_id=21"},"modified":"2021-05-19T13:29:07","modified_gmt":"2021-05-19T11:29:07","slug":"hrana","status":"publish","type":"page","link":"https:\/\/grobelnik.si\/en\/hrana\/","title":{"rendered":"Distinctive dishes"},"content":{"rendered":"<div id=\"dslc-theme-content\"><div id=\"dslc-theme-content-inner\"><p>A good home-made feast begins in the garden, field, barn, vineyard, orchard, herbal garden and wine cellar. Following a short route from the field to the plate.<br \/>\nIn the kitchen, the house-keeper does her magic with her knowledge, experiences and the house tradition, joining an assortment of excellent home-made beverages and drinks at the table in the dining room. The house dish on the photo is also featured in the offer <a href=\"https:\/\/posavje.com\/kategorija\/okusi-posavja\/\" target=\"_blank\" rel=\"noopener\">Tastes of Posavje<\/a>.<\/p>\n<p>Foodstuffs of plant origin are grown on the farm, while foodstuffs of animal origin are purchased from the surrounding farms, which is our advantage and particularity.<\/p>\n<p><img loading=\"lazy\" decoding=\"async\" class=\"aligncenter wp-image-47 size-large\" src=\"https:\/\/grobelnik.si\/wp-content\/uploads\/2021\/02\/slide2-1024x410.jpg\" alt=\"\" width=\"1024\" height=\"410\" srcset=\"https:\/\/grobelnik.si\/wp-content\/uploads\/2021\/02\/slide2-1024x410.jpg 1024w, https:\/\/grobelnik.si\/wp-content\/uploads\/2021\/02\/slide2-300x120.jpg 300w, https:\/\/grobelnik.si\/wp-content\/uploads\/2021\/02\/slide2-768x307.jpg 768w, https:\/\/grobelnik.si\/wp-content\/uploads\/2021\/02\/slide2-1536x614.jpg 1536w, https:\/\/grobelnik.si\/wp-content\/uploads\/2021\/02\/slide2.jpg 2000w\" sizes=\"auto, (max-width: 1024px) 100vw, 1024px\" \/><\/p><\/div><\/div>","protected":false},"excerpt":{"rendered":"<p>A good home-made feast begins in the garden, field, barn, vineyard, orchard, herbal garden and wine cellar. Following a short route from the field to the plate. In the kitchen, the house-keeper does her magic with her knowledge, experiences and the house tradition, joining an assortment of excellent home-made beverages and drinks at the table [&hellip;]<\/p>\n","protected":false},"author":1,"featured_media":47,"parent":0,"menu_order":0,"comment_status":"closed","ping_status":"closed","template":"","meta":{"footnotes":""},"class_list":["post-21","page","type-page","status-publish","has-post-thumbnail","hentry"],"yoast_head":"<!-- This site is optimized with the Yoast SEO plugin v27.4 - https:\/\/yoast.com\/product\/yoast-seo-wordpress\/ -->\n<title>Distinctive dishes - Turisti\u010dna kmetija Grobelnik<\/title>\n<meta name=\"description\" content=\"Kuhamo dobro doma\u010do hrano iz \u017eivil pridelanih na lastni kmetiji in okoli\u0161kih kmetijah. Vsa pija\u010da, ki jo ponudimo je pridelana na kmetiji.\" \/>\n<meta name=\"robots\" content=\"index, follow, max-snippet:-1, max-image-preview:large, max-video-preview:-1\" \/>\n<link rel=\"canonical\" href=\"https:\/\/grobelnik.si\/hrana\/\" \/>\n<meta property=\"og:locale\" content=\"en_US\" \/>\n<meta property=\"og:type\" content=\"article\" \/>\n<meta property=\"og:title\" content=\"[:sl]Prepoznavne jedi[:en]Distinctive dishes[:] - Turisti\u010dna kmetija Grobelnik\" \/>\n<meta property=\"og:description\" content=\"Kuhamo dobro doma\u010do hrano iz \u017eivil pridelanih na lastni kmetiji in okoli\u0161kih kmetijah. Vsa pija\u010da, ki jo ponudimo je pridelana na kmetiji.\" \/>\n<meta property=\"og:url\" content=\"https:\/\/grobelnik.si\/hrana\/\" \/>\n<meta property=\"og:site_name\" content=\"Turisti\u010dna kmetija Grobelnik\" \/>\n<meta property=\"article:publisher\" content=\"https:\/\/www.facebook.com\/tkgrobelnik\/\" \/>\n<meta property=\"article:modified_time\" content=\"2021-05-19T11:29:07+00:00\" \/>\n<meta property=\"og:image\" content=\"https:\/\/grobelnik.si\/wp-content\/uploads\/2021\/02\/slide2.jpg\" \/>\n\t<meta property=\"og:image:width\" content=\"2000\" \/>\n\t<meta property=\"og:image:height\" content=\"800\" \/>\n\t<meta property=\"og:image:type\" content=\"image\/jpeg\" \/>\n<meta name=\"twitter:card\" content=\"summary_large_image\" \/>\n<meta name=\"twitter:label1\" content=\"Est. reading time\" \/>\n\t<meta name=\"twitter:data1\" content=\"1 minute\" \/>\n<script type=\"application\/ld+json\" class=\"yoast-schema-graph\">{\"@context\":\"https:\\\/\\\/schema.org\",\"@graph\":[{\"@type\":\"WebPage\",\"@id\":\"https:\\\/\\\/grobelnik.si\\\/hrana\\\/\",\"url\":\"https:\\\/\\\/grobelnik.si\\\/hrana\\\/\",\"name\":\"[:sl]Prepoznavne jedi[:en]Distinctive dishes[:] - Turisti\u010dna kmetija Grobelnik\",\"isPartOf\":{\"@id\":\"https:\\\/\\\/grobelnik.si\\\/#website\"},\"primaryImageOfPage\":{\"@id\":\"https:\\\/\\\/grobelnik.si\\\/hrana\\\/#primaryimage\"},\"image\":{\"@id\":\"https:\\\/\\\/grobelnik.si\\\/hrana\\\/#primaryimage\"},\"thumbnailUrl\":\"https:\\\/\\\/grobelnik.si\\\/wp-content\\\/uploads\\\/2021\\\/02\\\/slide2.jpg\",\"datePublished\":\"2021-02-02T06:36:30+00:00\",\"dateModified\":\"2021-05-19T11:29:07+00:00\",\"description\":\"Kuhamo dobro doma\u010do hrano iz \u017eivil pridelanih na lastni kmetiji in okoli\u0161kih kmetijah. Vsa pija\u010da, ki jo ponudimo je pridelana na kmetiji.\",\"breadcrumb\":{\"@id\":\"https:\\\/\\\/grobelnik.si\\\/hrana\\\/#breadcrumb\"},\"inLanguage\":\"en-US\",\"potentialAction\":[{\"@type\":\"ReadAction\",\"target\":[\"https:\\\/\\\/grobelnik.si\\\/hrana\\\/\"]}]},{\"@type\":\"ImageObject\",\"inLanguage\":\"en-US\",\"@id\":\"https:\\\/\\\/grobelnik.si\\\/hrana\\\/#primaryimage\",\"url\":\"https:\\\/\\\/grobelnik.si\\\/wp-content\\\/uploads\\\/2021\\\/02\\\/slide2.jpg\",\"contentUrl\":\"https:\\\/\\\/grobelnik.si\\\/wp-content\\\/uploads\\\/2021\\\/02\\\/slide2.jpg\",\"width\":2000,\"height\":800},{\"@type\":\"BreadcrumbList\",\"@id\":\"https:\\\/\\\/grobelnik.si\\\/hrana\\\/#breadcrumb\",\"itemListElement\":[{\"@type\":\"ListItem\",\"position\":1,\"name\":\"Home\",\"item\":\"https:\\\/\\\/grobelnik.si\\\/\"},{\"@type\":\"ListItem\",\"position\":2,\"name\":\"Prepoznavne jedi\"}]},{\"@type\":\"WebSite\",\"@id\":\"https:\\\/\\\/grobelnik.si\\\/#website\",\"url\":\"https:\\\/\\\/grobelnik.si\\\/\",\"name\":\"Turisti\u010dna kmetija Grobelnik\",\"description\":\"Nastanitev za ve\u010dje skupine, polpenzioni, po\u010ditnice, no\u010ditve z zajtrki, pogostitve\",\"publisher\":{\"@id\":\"https:\\\/\\\/grobelnik.si\\\/#organization\"},\"potentialAction\":[{\"@type\":\"SearchAction\",\"target\":{\"@type\":\"EntryPoint\",\"urlTemplate\":\"https:\\\/\\\/grobelnik.si\\\/?s={search_term_string}\"},\"query-input\":{\"@type\":\"PropertyValueSpecification\",\"valueRequired\":true,\"valueName\":\"search_term_string\"}}],\"inLanguage\":\"en-US\"},{\"@type\":\"Organization\",\"@id\":\"https:\\\/\\\/grobelnik.si\\\/#organization\",\"name\":\"Turisti\u010dna kmetija Grobelnik\",\"url\":\"https:\\\/\\\/grobelnik.si\\\/\",\"logo\":{\"@type\":\"ImageObject\",\"inLanguage\":\"en-US\",\"@id\":\"https:\\\/\\\/grobelnik.si\\\/#\\\/schema\\\/logo\\\/image\\\/\",\"url\":\"https:\\\/\\\/grobelnik.si\\\/wp-content\\\/uploads\\\/2021\\\/04\\\/logo_grobelnik_vecji.jpg\",\"contentUrl\":\"https:\\\/\\\/grobelnik.si\\\/wp-content\\\/uploads\\\/2021\\\/04\\\/logo_grobelnik_vecji.jpg\",\"width\":1000,\"height\":500,\"caption\":\"Turisti\u010dna kmetija Grobelnik\"},\"image\":{\"@id\":\"https:\\\/\\\/grobelnik.si\\\/#\\\/schema\\\/logo\\\/image\\\/\"},\"sameAs\":[\"https:\\\/\\\/www.facebook.com\\\/tkgrobelnik\\\/\",\"https:\\\/\\\/www.youtube.com\\\/channel\\\/UCip3TPqIjJlNx3lD-Ss8ihw\"]}]}<\/script>\n<!-- \/ Yoast SEO plugin. -->","yoast_head_json":{"title":"[:sl]Prepoznavne jedi[:en]Distinctive dishes[:] - Turisti\u010dna kmetija Grobelnik","description":"Kuhamo dobro doma\u010do hrano iz \u017eivil pridelanih na lastni kmetiji in okoli\u0161kih kmetijah. Vsa pija\u010da, ki jo ponudimo je pridelana na kmetiji.","robots":{"index":"index","follow":"follow","max-snippet":"max-snippet:-1","max-image-preview":"max-image-preview:large","max-video-preview":"max-video-preview:-1"},"canonical":"https:\/\/grobelnik.si\/hrana\/","og_locale":"en_US","og_type":"article","og_title":"[:sl]Prepoznavne jedi[:en]Distinctive dishes[:] - Turisti\u010dna kmetija Grobelnik","og_description":"Kuhamo dobro doma\u010do hrano iz \u017eivil pridelanih na lastni kmetiji in okoli\u0161kih kmetijah. Vsa pija\u010da, ki jo ponudimo je pridelana na kmetiji.","og_url":"https:\/\/grobelnik.si\/hrana\/","og_site_name":"Turisti\u010dna kmetija Grobelnik","article_publisher":"https:\/\/www.facebook.com\/tkgrobelnik\/","article_modified_time":"2021-05-19T11:29:07+00:00","og_image":[{"width":2000,"height":800,"url":"https:\/\/grobelnik.si\/wp-content\/uploads\/2021\/02\/slide2.jpg","type":"image\/jpeg"}],"twitter_card":"summary_large_image","twitter_misc":{"Est. reading time":"1 minute"},"schema":{"@context":"https:\/\/schema.org","@graph":[{"@type":"WebPage","@id":"https:\/\/grobelnik.si\/hrana\/","url":"https:\/\/grobelnik.si\/hrana\/","name":"[:sl]Prepoznavne jedi[:en]Distinctive dishes[:] - Turisti\u010dna kmetija Grobelnik","isPartOf":{"@id":"https:\/\/grobelnik.si\/#website"},"primaryImageOfPage":{"@id":"https:\/\/grobelnik.si\/hrana\/#primaryimage"},"image":{"@id":"https:\/\/grobelnik.si\/hrana\/#primaryimage"},"thumbnailUrl":"https:\/\/grobelnik.si\/wp-content\/uploads\/2021\/02\/slide2.jpg","datePublished":"2021-02-02T06:36:30+00:00","dateModified":"2021-05-19T11:29:07+00:00","description":"Kuhamo dobro doma\u010do hrano iz \u017eivil pridelanih na lastni kmetiji in okoli\u0161kih kmetijah. Vsa pija\u010da, ki jo ponudimo je pridelana na kmetiji.","breadcrumb":{"@id":"https:\/\/grobelnik.si\/hrana\/#breadcrumb"},"inLanguage":"en-US","potentialAction":[{"@type":"ReadAction","target":["https:\/\/grobelnik.si\/hrana\/"]}]},{"@type":"ImageObject","inLanguage":"en-US","@id":"https:\/\/grobelnik.si\/hrana\/#primaryimage","url":"https:\/\/grobelnik.si\/wp-content\/uploads\/2021\/02\/slide2.jpg","contentUrl":"https:\/\/grobelnik.si\/wp-content\/uploads\/2021\/02\/slide2.jpg","width":2000,"height":800},{"@type":"BreadcrumbList","@id":"https:\/\/grobelnik.si\/hrana\/#breadcrumb","itemListElement":[{"@type":"ListItem","position":1,"name":"Home","item":"https:\/\/grobelnik.si\/"},{"@type":"ListItem","position":2,"name":"Prepoznavne jedi"}]},{"@type":"WebSite","@id":"https:\/\/grobelnik.si\/#website","url":"https:\/\/grobelnik.si\/","name":"Turisti\u010dna kmetija Grobelnik","description":"Nastanitev za ve\u010dje skupine, polpenzioni, po\u010ditnice, no\u010ditve z zajtrki, pogostitve","publisher":{"@id":"https:\/\/grobelnik.si\/#organization"},"potentialAction":[{"@type":"SearchAction","target":{"@type":"EntryPoint","urlTemplate":"https:\/\/grobelnik.si\/?s={search_term_string}"},"query-input":{"@type":"PropertyValueSpecification","valueRequired":true,"valueName":"search_term_string"}}],"inLanguage":"en-US"},{"@type":"Organization","@id":"https:\/\/grobelnik.si\/#organization","name":"Turisti\u010dna kmetija Grobelnik","url":"https:\/\/grobelnik.si\/","logo":{"@type":"ImageObject","inLanguage":"en-US","@id":"https:\/\/grobelnik.si\/#\/schema\/logo\/image\/","url":"https:\/\/grobelnik.si\/wp-content\/uploads\/2021\/04\/logo_grobelnik_vecji.jpg","contentUrl":"https:\/\/grobelnik.si\/wp-content\/uploads\/2021\/04\/logo_grobelnik_vecji.jpg","width":1000,"height":500,"caption":"Turisti\u010dna kmetija Grobelnik"},"image":{"@id":"https:\/\/grobelnik.si\/#\/schema\/logo\/image\/"},"sameAs":["https:\/\/www.facebook.com\/tkgrobelnik\/","https:\/\/www.youtube.com\/channel\/UCip3TPqIjJlNx3lD-Ss8ihw"]}]}},"_links":{"self":[{"href":"https:\/\/grobelnik.si\/en\/wp-json\/wp\/v2\/pages\/21","targetHints":{"allow":["GET"]}}],"collection":[{"href":"https:\/\/grobelnik.si\/en\/wp-json\/wp\/v2\/pages"}],"about":[{"href":"https:\/\/grobelnik.si\/en\/wp-json\/wp\/v2\/types\/page"}],"author":[{"embeddable":true,"href":"https:\/\/grobelnik.si\/en\/wp-json\/wp\/v2\/users\/1"}],"replies":[{"embeddable":true,"href":"https:\/\/grobelnik.si\/en\/wp-json\/wp\/v2\/comments?post=21"}],"version-history":[{"count":0,"href":"https:\/\/grobelnik.si\/en\/wp-json\/wp\/v2\/pages\/21\/revisions"}],"wp:featuredmedia":[{"embeddable":true,"href":"https:\/\/grobelnik.si\/en\/wp-json\/wp\/v2\/media\/47"}],"wp:attachment":[{"href":"https:\/\/grobelnik.si\/en\/wp-json\/wp\/v2\/media?parent=21"}],"curies":[{"name":"wp","href":"https:\/\/api.w.org\/{rel}","templated":true}]}}