{"id":27,"date":"2021-02-02T06:39:51","date_gmt":"2021-02-02T06:39:51","guid":{"rendered":"http:\/\/grobelnik.si\/?page_id=27"},"modified":"2021-05-19T13:36:37","modified_gmt":"2021-05-19T11:36:37","slug":"teambuilding","status":"publish","type":"page","link":"https:\/\/grobelnik.si\/en\/teambuilding\/","title":{"rendered":"Teambuilding"},"content":{"rendered":"<div id=\"dslc-theme-content\"><div id=\"dslc-theme-content-inner\"><p>First of all, we provide for the basic needs of our guests and then intensify our service and readily surprise them with authentic experiences, where they do not only watch but also participate.<\/p>\n<table style=\"width: 100%; border-collapse: collapse;\">\n<tbody>\n<tr style=\"height: 25px;\">\n<td style=\"width: 100%; height: 25px;\"><img loading=\"lazy\" decoding=\"async\" class=\"aligncenter wp-image-268 size-full\" src=\"https:\/\/grobelnik.si\/wp-content\/uploads\/2021\/04\/divider.png\" alt=\"\" width=\"236\" height=\"25\" \/><\/td>\n<\/tr>\n<tr style=\"height: 259px;\">\n<td>\n<h2><img loading=\"lazy\" decoding=\"async\" class=\"alignright wp-image-158 size-medium\" src=\"https:\/\/grobelnik.si\/wp-content\/uploads\/2021\/03\/dozivetja_trgatev-300x150.jpg\" alt=\"\" width=\"300\" height=\"150\" srcset=\"https:\/\/grobelnik.si\/wp-content\/uploads\/2021\/03\/dozivetja_trgatev-300x150.jpg 300w, https:\/\/grobelnik.si\/wp-content\/uploads\/2021\/03\/dozivetja_trgatev-768x384.jpg 768w, https:\/\/grobelnik.si\/wp-content\/uploads\/2021\/03\/dozivetja_trgatev-600x300.jpg 600w, https:\/\/grobelnik.si\/wp-content\/uploads\/2021\/03\/dozivetja_trgatev.jpg 1000w\" sizes=\"auto, (max-width: 300px) 100vw, 300px\" \/><\/h2>\n<h2>Grape harvesting<\/h2>\n<p>with our guests is a special, guided, one-day event. Guests put on work clothes and shoes, get their juices flowing with food and beverage, receive vineyard shears and the harvest can begin. They experience genuine manual harvesting and learn about the most challenging tasks of a winegrower from the logistics point of view. When the work is done, it is celebrated with a winegrower&#8217;s feast and good wine or even cider, and harvesters are also rewarded for their hard work upon their departure.<\/p>\n<p>&nbsp;<\/td>\n<\/tr>\n<tr style=\"height: 25px;\">\n<td style=\"width: 100%; height: 25px;\"><img loading=\"lazy\" decoding=\"async\" class=\"aligncenter wp-image-268 size-full\" src=\"https:\/\/grobelnik.si\/wp-content\/uploads\/2021\/04\/divider.png\" alt=\"\" width=\"236\" height=\"25\" \/><\/td>\n<\/tr>\n<tr style=\"height: 290px;\">\n<td>\n<h2><img loading=\"lazy\" decoding=\"async\" class=\"alignright wp-image-159 size-medium\" src=\"https:\/\/grobelnik.si\/wp-content\/uploads\/2021\/03\/dozivetja_martinovobred-300x199.jpg\" alt=\"\" width=\"300\" height=\"199\" srcset=\"https:\/\/grobelnik.si\/wp-content\/uploads\/2021\/03\/dozivetja_martinovobred-300x199.jpg 300w, https:\/\/grobelnik.si\/wp-content\/uploads\/2021\/03\/dozivetja_martinovobred-768x510.jpg 768w, https:\/\/grobelnik.si\/wp-content\/uploads\/2021\/03\/dozivetja_martinovobred-452x300.jpg 452w, https:\/\/grobelnik.si\/wp-content\/uploads\/2021\/03\/dozivetja_martinovobred.jpg 1000w\" sizes=\"auto, (max-width: 300px) 100vw, 300px\" \/><\/h2>\n<h2>Martin&#8217;s ritual<\/h2>\n<p>is a presentation of the baptism of \u201ccider into wine\u201d which is prepared in the wine cellar on the St. Martin&#8217;s Day, with a guided wine tasting in the company of a wine sommelier.<\/td>\n<\/tr>\n<tr style=\"height: 25px;\">\n<td style=\"width: 100%; height: 25px;\"><img loading=\"lazy\" decoding=\"async\" class=\"aligncenter wp-image-268 size-full\" src=\"https:\/\/grobelnik.si\/wp-content\/uploads\/2021\/04\/divider.png\" alt=\"\" width=\"236\" height=\"25\" \/><\/td>\n<\/tr>\n<tr style=\"height: 241px;\">\n<td>\n<table style=\"border-collapse: collapse; width: 100%;\">\n<tbody>\n<tr>\n<td style=\"width: 70%; vertical-align: top;\">\n<h2>Teambuilding in the vineyard and wine cellar<\/h2>\n<p>is a one-day or a two-day event at the vineyard, wine cellar and Ajdovski gradec. The event is aimed to provide relaxation, sports activities and just the right amount of competitiveness. The atmosphere of Ajdovski gradec, the vineyard and wine handling in the wine cellar make the event even more impressive, along with the winegrower&#8217;s snack from a basket on the mown lawn under the vine.<\/td>\n<td style=\"width: 30%;\"><iframe loading=\"lazy\" title=\"YouTube video player\" src=\"https:\/\/www.youtube.com\/embed\/7xf-2D0XUAY\" width=\"100%\" height=\"275\" frameborder=\"0\" allowfullscreen=\"allowfullscreen\" data-mce-fragment=\"1\"><\/iframe><\/td>\n<\/tr>\n<\/tbody>\n<\/table>\n<\/td>\n<\/tr>\n<\/tbody>\n<\/table>\n<p><\/p><\/div><\/div>","protected":false},"excerpt":{"rendered":"<p>First of all, we provide for the basic needs of our guests and then intensify our service and readily surprise them with authentic experiences, where they do not only watch but also participate. Grape harvesting with our guests is a special, guided, one-day event. Guests put on work clothes and shoes, get their juices flowing [&hellip;]<\/p>\n","protected":false},"author":1,"featured_media":162,"parent":0,"menu_order":0,"comment_status":"closed","ping_status":"closed","template":"","meta":{"footnotes":""},"class_list":["post-27","page","type-page","status-publish","has-post-thumbnail","hentry"],"yoast_head":"<!-- This site is optimized with the Yoast SEO plugin v27.4 - https:\/\/yoast.com\/product\/yoast-seo-wordpress\/ -->\n<title>Teambuilding - Turisti\u010dna kmetija Grobelnik<\/title>\n<meta name=\"robots\" content=\"index, follow, max-snippet:-1, max-image-preview:large, max-video-preview:-1\" \/>\n<link rel=\"canonical\" href=\"https:\/\/grobelnik.si\/en\/teambuilding\/\" \/>\n<meta property=\"og:locale\" content=\"en_US\" \/>\n<meta property=\"og:type\" content=\"article\" \/>\n<meta property=\"og:title\" content=\"Teambuilding - Turisti\u010dna kmetija Grobelnik\" \/>\n<meta property=\"og:description\" content=\"First of all, we provide for the basic needs of our guests and then intensify our service and readily surprise them with authentic experiences, where they do not only watch but also participate. Grape harvesting with our guests is a special, guided, one-day event. Guests put on work clothes and shoes, get their juices flowing [&hellip;]\" \/>\n<meta property=\"og:url\" content=\"https:\/\/grobelnik.si\/en\/teambuilding\/\" \/>\n<meta property=\"og:site_name\" content=\"Turisti\u010dna kmetija Grobelnik\" \/>\n<meta property=\"article:publisher\" content=\"https:\/\/www.facebook.com\/tkgrobelnik\/\" \/>\n<meta property=\"article:modified_time\" content=\"2021-05-19T11:36:37+00:00\" \/>\n<meta property=\"og:image\" content=\"https:\/\/grobelnik.si\/wp-content\/uploads\/2021\/03\/dozivetja.jpg\" \/>\n\t<meta property=\"og:image:width\" content=\"2000\" \/>\n\t<meta property=\"og:image:height\" content=\"551\" \/>\n\t<meta property=\"og:image:type\" content=\"image\/jpeg\" \/>\n<meta name=\"twitter:card\" content=\"summary_large_image\" \/>\n<meta name=\"twitter:label1\" content=\"Est. reading time\" \/>\n\t<meta name=\"twitter:data1\" content=\"2 minutes\" \/>\n<script type=\"application\/ld+json\" class=\"yoast-schema-graph\">{\"@context\":\"https:\\\/\\\/schema.org\",\"@graph\":[{\"@type\":\"WebPage\",\"@id\":\"https:\\\/\\\/grobelnik.si\\\/en\\\/teambuilding\\\/\",\"url\":\"https:\\\/\\\/grobelnik.si\\\/en\\\/teambuilding\\\/\",\"name\":\"Teambuilding - Turisti\u010dna kmetija Grobelnik\",\"isPartOf\":{\"@id\":\"https:\\\/\\\/grobelnik.si\\\/#website\"},\"primaryImageOfPage\":{\"@id\":\"https:\\\/\\\/grobelnik.si\\\/en\\\/teambuilding\\\/#primaryimage\"},\"image\":{\"@id\":\"https:\\\/\\\/grobelnik.si\\\/en\\\/teambuilding\\\/#primaryimage\"},\"thumbnailUrl\":\"https:\\\/\\\/grobelnik.si\\\/wp-content\\\/uploads\\\/2021\\\/03\\\/dozivetja.jpg\",\"datePublished\":\"2021-02-02T06:39:51+00:00\",\"dateModified\":\"2021-05-19T11:36:37+00:00\",\"breadcrumb\":{\"@id\":\"https:\\\/\\\/grobelnik.si\\\/en\\\/teambuilding\\\/#breadcrumb\"},\"inLanguage\":\"en-US\",\"potentialAction\":[{\"@type\":\"ReadAction\",\"target\":[\"https:\\\/\\\/grobelnik.si\\\/en\\\/teambuilding\\\/\"]}]},{\"@type\":\"ImageObject\",\"inLanguage\":\"en-US\",\"@id\":\"https:\\\/\\\/grobelnik.si\\\/en\\\/teambuilding\\\/#primaryimage\",\"url\":\"https:\\\/\\\/grobelnik.si\\\/wp-content\\\/uploads\\\/2021\\\/03\\\/dozivetja.jpg\",\"contentUrl\":\"https:\\\/\\\/grobelnik.si\\\/wp-content\\\/uploads\\\/2021\\\/03\\\/dozivetja.jpg\",\"width\":2000,\"height\":551},{\"@type\":\"BreadcrumbList\",\"@id\":\"https:\\\/\\\/grobelnik.si\\\/en\\\/teambuilding\\\/#breadcrumb\",\"itemListElement\":[{\"@type\":\"ListItem\",\"position\":1,\"name\":\"Home\",\"item\":\"https:\\\/\\\/grobelnik.si\\\/\"},{\"@type\":\"ListItem\",\"position\":2,\"name\":\"Teambuilding\"}]},{\"@type\":\"WebSite\",\"@id\":\"https:\\\/\\\/grobelnik.si\\\/#website\",\"url\":\"https:\\\/\\\/grobelnik.si\\\/\",\"name\":\"Turisti\u010dna kmetija Grobelnik\",\"description\":\"Nastanitev za ve\u010dje skupine, polpenzioni, po\u010ditnice, no\u010ditve z zajtrki, pogostitve\",\"publisher\":{\"@id\":\"https:\\\/\\\/grobelnik.si\\\/#organization\"},\"potentialAction\":[{\"@type\":\"SearchAction\",\"target\":{\"@type\":\"EntryPoint\",\"urlTemplate\":\"https:\\\/\\\/grobelnik.si\\\/?s={search_term_string}\"},\"query-input\":{\"@type\":\"PropertyValueSpecification\",\"valueRequired\":true,\"valueName\":\"search_term_string\"}}],\"inLanguage\":\"en-US\"},{\"@type\":\"Organization\",\"@id\":\"https:\\\/\\\/grobelnik.si\\\/#organization\",\"name\":\"Turisti\u010dna kmetija Grobelnik\",\"url\":\"https:\\\/\\\/grobelnik.si\\\/\",\"logo\":{\"@type\":\"ImageObject\",\"inLanguage\":\"en-US\",\"@id\":\"https:\\\/\\\/grobelnik.si\\\/#\\\/schema\\\/logo\\\/image\\\/\",\"url\":\"https:\\\/\\\/grobelnik.si\\\/wp-content\\\/uploads\\\/2021\\\/04\\\/logo_grobelnik_vecji.jpg\",\"contentUrl\":\"https:\\\/\\\/grobelnik.si\\\/wp-content\\\/uploads\\\/2021\\\/04\\\/logo_grobelnik_vecji.jpg\",\"width\":1000,\"height\":500,\"caption\":\"Turisti\u010dna kmetija Grobelnik\"},\"image\":{\"@id\":\"https:\\\/\\\/grobelnik.si\\\/#\\\/schema\\\/logo\\\/image\\\/\"},\"sameAs\":[\"https:\\\/\\\/www.facebook.com\\\/tkgrobelnik\\\/\",\"https:\\\/\\\/www.youtube.com\\\/channel\\\/UCip3TPqIjJlNx3lD-Ss8ihw\"]}]}<\/script>\n<!-- \/ Yoast SEO plugin. -->","yoast_head_json":{"title":"Teambuilding - Turisti\u010dna kmetija Grobelnik","robots":{"index":"index","follow":"follow","max-snippet":"max-snippet:-1","max-image-preview":"max-image-preview:large","max-video-preview":"max-video-preview:-1"},"canonical":"https:\/\/grobelnik.si\/en\/teambuilding\/","og_locale":"en_US","og_type":"article","og_title":"Teambuilding - Turisti\u010dna kmetija Grobelnik","og_description":"First of all, we provide for the basic needs of our guests and then intensify our service and readily surprise them with authentic experiences, where they do not only watch but also participate. Grape harvesting with our guests is a special, guided, one-day event. Guests put on work clothes and shoes, get their juices flowing [&hellip;]","og_url":"https:\/\/grobelnik.si\/en\/teambuilding\/","og_site_name":"Turisti\u010dna kmetija Grobelnik","article_publisher":"https:\/\/www.facebook.com\/tkgrobelnik\/","article_modified_time":"2021-05-19T11:36:37+00:00","og_image":[{"width":2000,"height":551,"url":"https:\/\/grobelnik.si\/wp-content\/uploads\/2021\/03\/dozivetja.jpg","type":"image\/jpeg"}],"twitter_card":"summary_large_image","twitter_misc":{"Est. reading time":"2 minutes"},"schema":{"@context":"https:\/\/schema.org","@graph":[{"@type":"WebPage","@id":"https:\/\/grobelnik.si\/en\/teambuilding\/","url":"https:\/\/grobelnik.si\/en\/teambuilding\/","name":"Teambuilding - Turisti\u010dna kmetija Grobelnik","isPartOf":{"@id":"https:\/\/grobelnik.si\/#website"},"primaryImageOfPage":{"@id":"https:\/\/grobelnik.si\/en\/teambuilding\/#primaryimage"},"image":{"@id":"https:\/\/grobelnik.si\/en\/teambuilding\/#primaryimage"},"thumbnailUrl":"https:\/\/grobelnik.si\/wp-content\/uploads\/2021\/03\/dozivetja.jpg","datePublished":"2021-02-02T06:39:51+00:00","dateModified":"2021-05-19T11:36:37+00:00","breadcrumb":{"@id":"https:\/\/grobelnik.si\/en\/teambuilding\/#breadcrumb"},"inLanguage":"en-US","potentialAction":[{"@type":"ReadAction","target":["https:\/\/grobelnik.si\/en\/teambuilding\/"]}]},{"@type":"ImageObject","inLanguage":"en-US","@id":"https:\/\/grobelnik.si\/en\/teambuilding\/#primaryimage","url":"https:\/\/grobelnik.si\/wp-content\/uploads\/2021\/03\/dozivetja.jpg","contentUrl":"https:\/\/grobelnik.si\/wp-content\/uploads\/2021\/03\/dozivetja.jpg","width":2000,"height":551},{"@type":"BreadcrumbList","@id":"https:\/\/grobelnik.si\/en\/teambuilding\/#breadcrumb","itemListElement":[{"@type":"ListItem","position":1,"name":"Home","item":"https:\/\/grobelnik.si\/"},{"@type":"ListItem","position":2,"name":"Teambuilding"}]},{"@type":"WebSite","@id":"https:\/\/grobelnik.si\/#website","url":"https:\/\/grobelnik.si\/","name":"Turisti\u010dna kmetija Grobelnik","description":"Nastanitev za ve\u010dje skupine, polpenzioni, po\u010ditnice, no\u010ditve z zajtrki, pogostitve","publisher":{"@id":"https:\/\/grobelnik.si\/#organization"},"potentialAction":[{"@type":"SearchAction","target":{"@type":"EntryPoint","urlTemplate":"https:\/\/grobelnik.si\/?s={search_term_string}"},"query-input":{"@type":"PropertyValueSpecification","valueRequired":true,"valueName":"search_term_string"}}],"inLanguage":"en-US"},{"@type":"Organization","@id":"https:\/\/grobelnik.si\/#organization","name":"Turisti\u010dna kmetija Grobelnik","url":"https:\/\/grobelnik.si\/","logo":{"@type":"ImageObject","inLanguage":"en-US","@id":"https:\/\/grobelnik.si\/#\/schema\/logo\/image\/","url":"https:\/\/grobelnik.si\/wp-content\/uploads\/2021\/04\/logo_grobelnik_vecji.jpg","contentUrl":"https:\/\/grobelnik.si\/wp-content\/uploads\/2021\/04\/logo_grobelnik_vecji.jpg","width":1000,"height":500,"caption":"Turisti\u010dna kmetija Grobelnik"},"image":{"@id":"https:\/\/grobelnik.si\/#\/schema\/logo\/image\/"},"sameAs":["https:\/\/www.facebook.com\/tkgrobelnik\/","https:\/\/www.youtube.com\/channel\/UCip3TPqIjJlNx3lD-Ss8ihw"]}]}},"_links":{"self":[{"href":"https:\/\/grobelnik.si\/en\/wp-json\/wp\/v2\/pages\/27","targetHints":{"allow":["GET"]}}],"collection":[{"href":"https:\/\/grobelnik.si\/en\/wp-json\/wp\/v2\/pages"}],"about":[{"href":"https:\/\/grobelnik.si\/en\/wp-json\/wp\/v2\/types\/page"}],"author":[{"embeddable":true,"href":"https:\/\/grobelnik.si\/en\/wp-json\/wp\/v2\/users\/1"}],"replies":[{"embeddable":true,"href":"https:\/\/grobelnik.si\/en\/wp-json\/wp\/v2\/comments?post=27"}],"version-history":[{"count":0,"href":"https:\/\/grobelnik.si\/en\/wp-json\/wp\/v2\/pages\/27\/revisions"}],"wp:featuredmedia":[{"embeddable":true,"href":"https:\/\/grobelnik.si\/en\/wp-json\/wp\/v2\/media\/162"}],"wp:attachment":[{"href":"https:\/\/grobelnik.si\/en\/wp-json\/wp\/v2\/media?parent=27"}],"curies":[{"name":"wp","href":"https:\/\/api.w.org\/{rel}","templated":true}]}}