{"id":335,"date":"2021-05-04T14:50:01","date_gmt":"2021-05-04T12:50:01","guid":{"rendered":"https:\/\/grobelnik.si\/?page_id=335"},"modified":"2021-05-19T13:26:02","modified_gmt":"2021-05-19T11:26:02","slug":"pravna-obvestila","status":"publish","type":"page","link":"https:\/\/grobelnik.si\/en\/pravna-obvestila\/","title":{"rendered":"Legal notices"},"content":{"rendered":"<div id=\"dslc-theme-content\"><div id=\"dslc-theme-content-inner\"><p><\/p>\n<h3>Legal notices<\/h3>\n<p>All information and images contained on the website are subject to copyright and other types of intellectual property protection. The documents posted on the website may be reproduced only for non-commercial purposes, while observing the above notices on copyright and other rights. Author\u2019s permission must be obtained before using the copyrighted material.<\/p>\n<h3>Accepting responsibility<\/h3>\n<p>The Grobelnik Tourist Farm will attempt to provide up-to-date and accurate information, however, accuracy and integrity of information contained herein is not guaranteed and they do not accept any responsibility, which would arise from their use. All users use the posted content at their own risk.<\/p>\n<p>The content of the website may change from time to time without prior notice.<\/p>\n<p>The content of the website has not been proofread.<\/p>\n<h3>Technical execution and authors<\/h3>\n<p>Photos: Grobelnik Tourist Farm<br \/>\nExecution: Partner d.o.o. Metlika<\/p><\/div><\/div>","protected":false},"excerpt":{"rendered":"<p>Legal notices All information and images contained on the website are subject to copyright and other types of intellectual property protection. The documents posted on the website may be reproduced only for non-commercial purposes, while observing the above notices on copyright and other rights. Author\u2019s permission must be obtained before using the copyrighted material. Accepting [&hellip;]<\/p>\n","protected":false},"author":1,"featured_media":105,"parent":0,"menu_order":0,"comment_status":"closed","ping_status":"closed","template":"","meta":{"footnotes":""},"class_list":["post-335","page","type-page","status-publish","has-post-thumbnail","hentry"],"yoast_head":"<!-- This site is optimized with the Yoast SEO plugin v27.5 - https:\/\/yoast.com\/product\/yoast-seo-wordpress\/ -->\n<title>Legal notices - Turisti\u010dna kmetija Grobelnik<\/title>\n<meta name=\"robots\" content=\"index, follow, max-snippet:-1, max-image-preview:large, max-video-preview:-1\" \/>\n<link rel=\"canonical\" href=\"https:\/\/grobelnik.si\/pravna-obvestila\/\" \/>\n<meta property=\"og:locale\" content=\"en_US\" \/>\n<meta property=\"og:type\" content=\"article\" \/>\n<meta property=\"og:title\" content=\"[:sl]Pravna obvestila[:en]Legal notices[:] - Turisti\u010dna kmetija Grobelnik\" \/>\n<meta property=\"og:description\" content=\"Legal notices All information and images contained on the website are subject to copyright and other types of intellectual property protection. The documents posted on the website may be reproduced only for non-commercial purposes, while observing the above notices on copyright and other rights. Author\u2019s permission must be obtained before using the copyrighted material. Accepting [&hellip;]\" \/>\n<meta property=\"og:url\" content=\"https:\/\/grobelnik.si\/pravna-obvestila\/\" \/>\n<meta property=\"og:site_name\" content=\"Turisti\u010dna kmetija Grobelnik\" \/>\n<meta property=\"article:publisher\" content=\"https:\/\/www.facebook.com\/tkgrobelnik\/\" \/>\n<meta property=\"article:modified_time\" content=\"2021-05-19T11:26:02+00:00\" \/>\n<meta property=\"og:image\" content=\"https:\/\/grobelnik.si\/wp-content\/uploads\/2021\/02\/Bebop2_201709231012340200.jpg\" \/>\n\t<meta property=\"og:image:width\" content=\"1920\" \/>\n\t<meta property=\"og:image:height\" content=\"1088\" \/>\n\t<meta property=\"og:image:type\" content=\"image\/jpeg\" \/>\n<meta name=\"twitter:card\" content=\"summary_large_image\" \/>\n<meta name=\"twitter:label1\" content=\"Est. reading time\" \/>\n\t<meta name=\"twitter:data1\" content=\"1 minute\" \/>\n<script type=\"application\/ld+json\" class=\"yoast-schema-graph\">{\"@context\":\"https:\\\/\\\/schema.org\",\"@graph\":[{\"@type\":\"WebPage\",\"@id\":\"https:\\\/\\\/grobelnik.si\\\/pravna-obvestila\\\/\",\"url\":\"https:\\\/\\\/grobelnik.si\\\/pravna-obvestila\\\/\",\"name\":\"[:sl]Pravna obvestila[:en]Legal notices[:] - Turisti\u010dna kmetija Grobelnik\",\"isPartOf\":{\"@id\":\"https:\\\/\\\/grobelnik.si\\\/#website\"},\"primaryImageOfPage\":{\"@id\":\"https:\\\/\\\/grobelnik.si\\\/pravna-obvestila\\\/#primaryimage\"},\"image\":{\"@id\":\"https:\\\/\\\/grobelnik.si\\\/pravna-obvestila\\\/#primaryimage\"},\"thumbnailUrl\":\"https:\\\/\\\/grobelnik.si\\\/wp-content\\\/uploads\\\/2021\\\/02\\\/Bebop2_201709231012340200.jpg\",\"datePublished\":\"2021-05-04T12:50:01+00:00\",\"dateModified\":\"2021-05-19T11:26:02+00:00\",\"breadcrumb\":{\"@id\":\"https:\\\/\\\/grobelnik.si\\\/pravna-obvestila\\\/#breadcrumb\"},\"inLanguage\":\"en-US\",\"potentialAction\":[{\"@type\":\"ReadAction\",\"target\":[\"https:\\\/\\\/grobelnik.si\\\/pravna-obvestila\\\/\"]}]},{\"@type\":\"ImageObject\",\"inLanguage\":\"en-US\",\"@id\":\"https:\\\/\\\/grobelnik.si\\\/pravna-obvestila\\\/#primaryimage\",\"url\":\"https:\\\/\\\/grobelnik.si\\\/wp-content\\\/uploads\\\/2021\\\/02\\\/Bebop2_201709231012340200.jpg\",\"contentUrl\":\"https:\\\/\\\/grobelnik.si\\\/wp-content\\\/uploads\\\/2021\\\/02\\\/Bebop2_201709231012340200.jpg\",\"width\":1920,\"height\":1088},{\"@type\":\"BreadcrumbList\",\"@id\":\"https:\\\/\\\/grobelnik.si\\\/pravna-obvestila\\\/#breadcrumb\",\"itemListElement\":[{\"@type\":\"ListItem\",\"position\":1,\"name\":\"Home\",\"item\":\"https:\\\/\\\/grobelnik.si\\\/\"},{\"@type\":\"ListItem\",\"position\":2,\"name\":\"Pravna obvestila\"}]},{\"@type\":\"WebSite\",\"@id\":\"https:\\\/\\\/grobelnik.si\\\/#website\",\"url\":\"https:\\\/\\\/grobelnik.si\\\/\",\"name\":\"Turisti\u010dna kmetija Grobelnik\",\"description\":\"Nastanitev za ve\u010dje skupine, polpenzioni, po\u010ditnice, no\u010ditve z zajtrki, pogostitve\",\"publisher\":{\"@id\":\"https:\\\/\\\/grobelnik.si\\\/#organization\"},\"potentialAction\":[{\"@type\":\"SearchAction\",\"target\":{\"@type\":\"EntryPoint\",\"urlTemplate\":\"https:\\\/\\\/grobelnik.si\\\/?s={search_term_string}\"},\"query-input\":{\"@type\":\"PropertyValueSpecification\",\"valueRequired\":true,\"valueName\":\"search_term_string\"}}],\"inLanguage\":\"en-US\"},{\"@type\":\"Organization\",\"@id\":\"https:\\\/\\\/grobelnik.si\\\/#organization\",\"name\":\"Turisti\u010dna kmetija Grobelnik\",\"url\":\"https:\\\/\\\/grobelnik.si\\\/\",\"logo\":{\"@type\":\"ImageObject\",\"inLanguage\":\"en-US\",\"@id\":\"https:\\\/\\\/grobelnik.si\\\/#\\\/schema\\\/logo\\\/image\\\/\",\"url\":\"https:\\\/\\\/grobelnik.si\\\/wp-content\\\/uploads\\\/2021\\\/04\\\/logo_grobelnik_vecji.jpg\",\"contentUrl\":\"https:\\\/\\\/grobelnik.si\\\/wp-content\\\/uploads\\\/2021\\\/04\\\/logo_grobelnik_vecji.jpg\",\"width\":1000,\"height\":500,\"caption\":\"Turisti\u010dna kmetija Grobelnik\"},\"image\":{\"@id\":\"https:\\\/\\\/grobelnik.si\\\/#\\\/schema\\\/logo\\\/image\\\/\"},\"sameAs\":[\"https:\\\/\\\/www.facebook.com\\\/tkgrobelnik\\\/\",\"https:\\\/\\\/www.youtube.com\\\/channel\\\/UCip3TPqIjJlNx3lD-Ss8ihw\"]}]}<\/script>\n<!-- \/ Yoast SEO plugin. -->","yoast_head_json":{"title":"[:sl]Pravna obvestila[:en]Legal notices[:] - Turisti\u010dna kmetija Grobelnik","robots":{"index":"index","follow":"follow","max-snippet":"max-snippet:-1","max-image-preview":"max-image-preview:large","max-video-preview":"max-video-preview:-1"},"canonical":"https:\/\/grobelnik.si\/pravna-obvestila\/","og_locale":"en_US","og_type":"article","og_title":"[:sl]Pravna obvestila[:en]Legal notices[:] - Turisti\u010dna kmetija Grobelnik","og_description":"Legal notices All information and images contained on the website are subject to copyright and other types of intellectual property protection. The documents posted on the website may be reproduced only for non-commercial purposes, while observing the above notices on copyright and other rights. Author\u2019s permission must be obtained before using the copyrighted material. Accepting [&hellip;]","og_url":"https:\/\/grobelnik.si\/pravna-obvestila\/","og_site_name":"Turisti\u010dna kmetija Grobelnik","article_publisher":"https:\/\/www.facebook.com\/tkgrobelnik\/","article_modified_time":"2021-05-19T11:26:02+00:00","og_image":[{"width":1920,"height":1088,"url":"https:\/\/grobelnik.si\/wp-content\/uploads\/2021\/02\/Bebop2_201709231012340200.jpg","type":"image\/jpeg"}],"twitter_card":"summary_large_image","twitter_misc":{"Est. reading time":"1 minute"},"schema":{"@context":"https:\/\/schema.org","@graph":[{"@type":"WebPage","@id":"https:\/\/grobelnik.si\/pravna-obvestila\/","url":"https:\/\/grobelnik.si\/pravna-obvestila\/","name":"[:sl]Pravna obvestila[:en]Legal notices[:] - Turisti\u010dna kmetija Grobelnik","isPartOf":{"@id":"https:\/\/grobelnik.si\/#website"},"primaryImageOfPage":{"@id":"https:\/\/grobelnik.si\/pravna-obvestila\/#primaryimage"},"image":{"@id":"https:\/\/grobelnik.si\/pravna-obvestila\/#primaryimage"},"thumbnailUrl":"https:\/\/grobelnik.si\/wp-content\/uploads\/2021\/02\/Bebop2_201709231012340200.jpg","datePublished":"2021-05-04T12:50:01+00:00","dateModified":"2021-05-19T11:26:02+00:00","breadcrumb":{"@id":"https:\/\/grobelnik.si\/pravna-obvestila\/#breadcrumb"},"inLanguage":"en-US","potentialAction":[{"@type":"ReadAction","target":["https:\/\/grobelnik.si\/pravna-obvestila\/"]}]},{"@type":"ImageObject","inLanguage":"en-US","@id":"https:\/\/grobelnik.si\/pravna-obvestila\/#primaryimage","url":"https:\/\/grobelnik.si\/wp-content\/uploads\/2021\/02\/Bebop2_201709231012340200.jpg","contentUrl":"https:\/\/grobelnik.si\/wp-content\/uploads\/2021\/02\/Bebop2_201709231012340200.jpg","width":1920,"height":1088},{"@type":"BreadcrumbList","@id":"https:\/\/grobelnik.si\/pravna-obvestila\/#breadcrumb","itemListElement":[{"@type":"ListItem","position":1,"name":"Home","item":"https:\/\/grobelnik.si\/"},{"@type":"ListItem","position":2,"name":"Pravna obvestila"}]},{"@type":"WebSite","@id":"https:\/\/grobelnik.si\/#website","url":"https:\/\/grobelnik.si\/","name":"Turisti\u010dna kmetija Grobelnik","description":"Nastanitev za ve\u010dje skupine, polpenzioni, po\u010ditnice, no\u010ditve z zajtrki, pogostitve","publisher":{"@id":"https:\/\/grobelnik.si\/#organization"},"potentialAction":[{"@type":"SearchAction","target":{"@type":"EntryPoint","urlTemplate":"https:\/\/grobelnik.si\/?s={search_term_string}"},"query-input":{"@type":"PropertyValueSpecification","valueRequired":true,"valueName":"search_term_string"}}],"inLanguage":"en-US"},{"@type":"Organization","@id":"https:\/\/grobelnik.si\/#organization","name":"Turisti\u010dna kmetija Grobelnik","url":"https:\/\/grobelnik.si\/","logo":{"@type":"ImageObject","inLanguage":"en-US","@id":"https:\/\/grobelnik.si\/#\/schema\/logo\/image\/","url":"https:\/\/grobelnik.si\/wp-content\/uploads\/2021\/04\/logo_grobelnik_vecji.jpg","contentUrl":"https:\/\/grobelnik.si\/wp-content\/uploads\/2021\/04\/logo_grobelnik_vecji.jpg","width":1000,"height":500,"caption":"Turisti\u010dna kmetija Grobelnik"},"image":{"@id":"https:\/\/grobelnik.si\/#\/schema\/logo\/image\/"},"sameAs":["https:\/\/www.facebook.com\/tkgrobelnik\/","https:\/\/www.youtube.com\/channel\/UCip3TPqIjJlNx3lD-Ss8ihw"]}]}},"_links":{"self":[{"href":"https:\/\/grobelnik.si\/en\/wp-json\/wp\/v2\/pages\/335","targetHints":{"allow":["GET"]}}],"collection":[{"href":"https:\/\/grobelnik.si\/en\/wp-json\/wp\/v2\/pages"}],"about":[{"href":"https:\/\/grobelnik.si\/en\/wp-json\/wp\/v2\/types\/page"}],"author":[{"embeddable":true,"href":"https:\/\/grobelnik.si\/en\/wp-json\/wp\/v2\/users\/1"}],"replies":[{"embeddable":true,"href":"https:\/\/grobelnik.si\/en\/wp-json\/wp\/v2\/comments?post=335"}],"version-history":[{"count":0,"href":"https:\/\/grobelnik.si\/en\/wp-json\/wp\/v2\/pages\/335\/revisions"}],"wp:featuredmedia":[{"embeddable":true,"href":"https:\/\/grobelnik.si\/en\/wp-json\/wp\/v2\/media\/105"}],"wp:attachment":[{"href":"https:\/\/grobelnik.si\/en\/wp-json\/wp\/v2\/media?parent=335"}],"curies":[{"name":"wp","href":"https:\/\/api.w.org\/{rel}","templated":true}]}}