{"id":88,"date":"2021-02-07T14:12:12","date_gmt":"2021-02-07T13:12:12","guid":{"rendered":"https:\/\/grobelnik.si\/?page_id=88"},"modified":"2021-05-19T13:34:17","modified_gmt":"2021-05-19T11:34:17","slug":"pobeg-v-posavje","status":"publish","type":"page","link":"https:\/\/grobelnik.si\/en\/pobeg-v-posavje\/","title":{"rendered":"Escape to Posavje"},"content":{"rendered":"<div id=\"dslc-theme-content\"><div id=\"dslc-theme-content-inner\"><p><\/p>\n<table style=\"border-collapse: collapse; width: 100%; height: 1038px;\">\n<tbody>\n<tr style=\"height: 222px;\">\n<td style=\"width: 100%; height: 222px;\">\n<h2><img loading=\"lazy\" decoding=\"async\" class=\"alignright wp-image-167 size-medium\" src=\"https:\/\/grobelnik.si\/wp-content\/uploads\/2021\/03\/nekajvec_ribici-300x179.png\" alt=\"\" width=\"300\" height=\"179\" srcset=\"https:\/\/grobelnik.si\/wp-content\/uploads\/2021\/03\/nekajvec_ribici-300x179.png 300w, https:\/\/grobelnik.si\/wp-content\/uploads\/2021\/03\/nekajvec_ribici-768x457.png 768w, https:\/\/grobelnik.si\/wp-content\/uploads\/2021\/03\/nekajvec_ribici-504x300.png 504w, https:\/\/grobelnik.si\/wp-content\/uploads\/2021\/03\/nekajvec_ribici.png 1000w\" sizes=\"auto, (max-width: 300px) 100vw, 300px\" \/><\/h2>\n<h2>For fishermen<\/h2>\n<p>for sports fishing enthusiasts on the river Sava. We make sure their props are stored and we provide extra space when they are getting ready for their fishing expeditions.<\/td>\n<\/tr>\n<tr style=\"height: 25px;\">\n<td style=\"width: 100%; height: 25px;\"><img loading=\"lazy\" decoding=\"async\" class=\"aligncenter wp-image-268 size-full\" src=\"https:\/\/grobelnik.si\/wp-content\/uploads\/2021\/04\/divider.png\" alt=\"\" width=\"236\" height=\"25\" \/><\/td>\n<\/tr>\n<tr style=\"height: 229px;\">\n<td style=\"width: 100%; height: 229px;\">\n<h2><img loading=\"lazy\" decoding=\"async\" class=\"wp-image-168 size-medium alignright\" style=\"font-size: 16px;\" src=\"https:\/\/grobelnik.si\/wp-content\/uploads\/2021\/03\/nekajvec_kolesarji-300x194.jpg\" alt=\"\" width=\"300\" height=\"194\" srcset=\"https:\/\/grobelnik.si\/wp-content\/uploads\/2021\/03\/nekajvec_kolesarji-300x194.jpg 300w, https:\/\/grobelnik.si\/wp-content\/uploads\/2021\/03\/nekajvec_kolesarji-768x496.jpg 768w, https:\/\/grobelnik.si\/wp-content\/uploads\/2021\/03\/nekajvec_kolesarji-464x300.jpg 464w, https:\/\/grobelnik.si\/wp-content\/uploads\/2021\/03\/nekajvec_kolesarji.jpg 1000w\" sizes=\"auto, (max-width: 300px) 100vw, 300px\" \/><\/h2>\n<h2>For cyclists<\/h2>\n<p>we make sure their bikes are safely stored and set up links with the nearest cycling center.<\/td>\n<\/tr>\n<tr style=\"height: 52px;\">\n<td style=\"width: 100%; height: 52px;\"><img loading=\"lazy\" decoding=\"async\" class=\"aligncenter wp-image-268 size-full\" src=\"https:\/\/grobelnik.si\/wp-content\/uploads\/2021\/04\/divider.png\" alt=\"\" width=\"236\" height=\"25\" \/><\/td>\n<\/tr>\n<tr style=\"height: 216px;\">\n<td style=\"width: 100%; height: 216px;\">\n<h2><img loading=\"lazy\" decoding=\"async\" class=\"wp-image-169 size-medium alignright\" src=\"https:\/\/grobelnik.si\/wp-content\/uploads\/2021\/03\/nekajvec_motoristi-300x173.jpg\" alt=\"\" width=\"300\" height=\"173\" srcset=\"https:\/\/grobelnik.si\/wp-content\/uploads\/2021\/03\/nekajvec_motoristi-300x173.jpg 300w, https:\/\/grobelnik.si\/wp-content\/uploads\/2021\/03\/nekajvec_motoristi-768x442.jpg 768w, https:\/\/grobelnik.si\/wp-content\/uploads\/2021\/03\/nekajvec_motoristi-521x300.jpg 521w, https:\/\/grobelnik.si\/wp-content\/uploads\/2021\/03\/nekajvec_motoristi.jpg 1000w\" sizes=\"auto, (max-width: 300px) 100vw, 300px\" \/><\/h2>\n<h2>For motorcyclists<\/h2>\n<p>we make sure their motorcycles are safely parked under a roof.<\/td>\n<\/tr>\n<tr style=\"height: 52px;\">\n<td style=\"width: 100%; height: 52px;\"><img loading=\"lazy\" decoding=\"async\" class=\"aligncenter wp-image-268 size-full\" src=\"https:\/\/grobelnik.si\/wp-content\/uploads\/2021\/04\/divider.png\" alt=\"\" width=\"236\" height=\"25\" \/><\/td>\n<\/tr>\n<tr style=\"height: 242px;\">\n<td style=\"width: 100%; height: 242px;\">\n<h2><img loading=\"lazy\" decoding=\"async\" class=\"wp-image-170 size-medium alignright\" src=\"https:\/\/grobelnik.si\/wp-content\/uploads\/2021\/03\/nekajvec_pohodniki-300x199.jpg\" alt=\"\" width=\"300\" height=\"199\" srcset=\"https:\/\/grobelnik.si\/wp-content\/uploads\/2021\/03\/nekajvec_pohodniki-300x199.jpg 300w, https:\/\/grobelnik.si\/wp-content\/uploads\/2021\/03\/nekajvec_pohodniki-768x510.jpg 768w, https:\/\/grobelnik.si\/wp-content\/uploads\/2021\/03\/nekajvec_pohodniki-452x300.jpg 452w, https:\/\/grobelnik.si\/wp-content\/uploads\/2021\/03\/nekajvec_pohodniki.jpg 1000w\" sizes=\"auto, (max-width: 300px) 100vw, 300px\" \/><\/h2>\n<h2>For hikers and lovers of nature<\/h2>\n<p>we provide information about the hiking routes in the area and region, prepare food and drink to go.<\/p>\n<p>&nbsp;<\/td>\n<\/tr>\n<\/tbody>\n<\/table>\n<h2><\/h2>\n<p><\/p><\/div><\/div>","protected":false},"excerpt":{"rendered":"<p>For fishermen for sports fishing enthusiasts on the river Sava. We make sure their props are stored and we provide extra space when they are getting ready for their fishing expeditions. For cyclists we make sure their bikes are safely stored and set up links with the nearest cycling center. For motorcyclists we make sure [&hellip;]<\/p>\n","protected":false},"author":1,"featured_media":43,"parent":0,"menu_order":0,"comment_status":"closed","ping_status":"closed","template":"","meta":{"footnotes":""},"class_list":["post-88","page","type-page","status-publish","has-post-thumbnail","hentry"],"yoast_head":"<!-- This site is optimized with the Yoast SEO plugin v27.4 - https:\/\/yoast.com\/product\/yoast-seo-wordpress\/ -->\n<title>Escape to Posavje - Turisti\u010dna kmetija Grobelnik<\/title>\n<meta name=\"robots\" content=\"index, follow, max-snippet:-1, max-image-preview:large, max-video-preview:-1\" \/>\n<link rel=\"canonical\" href=\"https:\/\/grobelnik.si\/pobeg-v-posavje\/\" \/>\n<meta property=\"og:locale\" content=\"en_US\" \/>\n<meta property=\"og:type\" content=\"article\" \/>\n<meta property=\"og:title\" content=\"[:sl]Pobeg v Posavje[:en]Escape to Posavje[:] - Turisti\u010dna kmetija Grobelnik\" \/>\n<meta property=\"og:description\" content=\"For fishermen for sports fishing enthusiasts on the river Sava. We make sure their props are stored and we provide extra space when they are getting ready for their fishing expeditions. For cyclists we make sure their bikes are safely stored and set up links with the nearest cycling center. For motorcyclists we make sure [&hellip;]\" \/>\n<meta property=\"og:url\" content=\"https:\/\/grobelnik.si\/pobeg-v-posavje\/\" \/>\n<meta property=\"og:site_name\" content=\"Turisti\u010dna kmetija Grobelnik\" \/>\n<meta property=\"article:publisher\" content=\"https:\/\/www.facebook.com\/tkgrobelnik\/\" \/>\n<meta property=\"article:modified_time\" content=\"2021-05-19T11:34:17+00:00\" \/>\n<meta property=\"og:image\" content=\"https:\/\/grobelnik.si\/wp-content\/uploads\/2021\/02\/slide1.jpg\" \/>\n\t<meta property=\"og:image:width\" content=\"1980\" \/>\n\t<meta property=\"og:image:height\" content=\"792\" \/>\n\t<meta property=\"og:image:type\" content=\"image\/jpeg\" \/>\n<meta name=\"twitter:card\" content=\"summary_large_image\" \/>\n<meta name=\"twitter:label1\" content=\"Est. reading time\" \/>\n\t<meta name=\"twitter:data1\" content=\"2 minutes\" \/>\n<script type=\"application\/ld+json\" class=\"yoast-schema-graph\">{\"@context\":\"https:\\\/\\\/schema.org\",\"@graph\":[{\"@type\":\"WebPage\",\"@id\":\"https:\\\/\\\/grobelnik.si\\\/pobeg-v-posavje\\\/\",\"url\":\"https:\\\/\\\/grobelnik.si\\\/pobeg-v-posavje\\\/\",\"name\":\"[:sl]Pobeg v Posavje[:en]Escape to Posavje[:] - Turisti\u010dna kmetija Grobelnik\",\"isPartOf\":{\"@id\":\"https:\\\/\\\/grobelnik.si\\\/#website\"},\"primaryImageOfPage\":{\"@id\":\"https:\\\/\\\/grobelnik.si\\\/pobeg-v-posavje\\\/#primaryimage\"},\"image\":{\"@id\":\"https:\\\/\\\/grobelnik.si\\\/pobeg-v-posavje\\\/#primaryimage\"},\"thumbnailUrl\":\"https:\\\/\\\/grobelnik.si\\\/wp-content\\\/uploads\\\/2021\\\/02\\\/slide1.jpg\",\"datePublished\":\"2021-02-07T13:12:12+00:00\",\"dateModified\":\"2021-05-19T11:34:17+00:00\",\"breadcrumb\":{\"@id\":\"https:\\\/\\\/grobelnik.si\\\/pobeg-v-posavje\\\/#breadcrumb\"},\"inLanguage\":\"en-US\",\"potentialAction\":[{\"@type\":\"ReadAction\",\"target\":[\"https:\\\/\\\/grobelnik.si\\\/pobeg-v-posavje\\\/\"]}]},{\"@type\":\"ImageObject\",\"inLanguage\":\"en-US\",\"@id\":\"https:\\\/\\\/grobelnik.si\\\/pobeg-v-posavje\\\/#primaryimage\",\"url\":\"https:\\\/\\\/grobelnik.si\\\/wp-content\\\/uploads\\\/2021\\\/02\\\/slide1.jpg\",\"contentUrl\":\"https:\\\/\\\/grobelnik.si\\\/wp-content\\\/uploads\\\/2021\\\/02\\\/slide1.jpg\",\"width\":1980,\"height\":792},{\"@type\":\"BreadcrumbList\",\"@id\":\"https:\\\/\\\/grobelnik.si\\\/pobeg-v-posavje\\\/#breadcrumb\",\"itemListElement\":[{\"@type\":\"ListItem\",\"position\":1,\"name\":\"Home\",\"item\":\"https:\\\/\\\/grobelnik.si\\\/\"},{\"@type\":\"ListItem\",\"position\":2,\"name\":\"Pobeg v Posavje\"}]},{\"@type\":\"WebSite\",\"@id\":\"https:\\\/\\\/grobelnik.si\\\/#website\",\"url\":\"https:\\\/\\\/grobelnik.si\\\/\",\"name\":\"Turisti\u010dna kmetija Grobelnik\",\"description\":\"Nastanitev za ve\u010dje skupine, polpenzioni, po\u010ditnice, no\u010ditve z zajtrki, pogostitve\",\"publisher\":{\"@id\":\"https:\\\/\\\/grobelnik.si\\\/#organization\"},\"potentialAction\":[{\"@type\":\"SearchAction\",\"target\":{\"@type\":\"EntryPoint\",\"urlTemplate\":\"https:\\\/\\\/grobelnik.si\\\/?s={search_term_string}\"},\"query-input\":{\"@type\":\"PropertyValueSpecification\",\"valueRequired\":true,\"valueName\":\"search_term_string\"}}],\"inLanguage\":\"en-US\"},{\"@type\":\"Organization\",\"@id\":\"https:\\\/\\\/grobelnik.si\\\/#organization\",\"name\":\"Turisti\u010dna kmetija Grobelnik\",\"url\":\"https:\\\/\\\/grobelnik.si\\\/\",\"logo\":{\"@type\":\"ImageObject\",\"inLanguage\":\"en-US\",\"@id\":\"https:\\\/\\\/grobelnik.si\\\/#\\\/schema\\\/logo\\\/image\\\/\",\"url\":\"https:\\\/\\\/grobelnik.si\\\/wp-content\\\/uploads\\\/2021\\\/04\\\/logo_grobelnik_vecji.jpg\",\"contentUrl\":\"https:\\\/\\\/grobelnik.si\\\/wp-content\\\/uploads\\\/2021\\\/04\\\/logo_grobelnik_vecji.jpg\",\"width\":1000,\"height\":500,\"caption\":\"Turisti\u010dna kmetija Grobelnik\"},\"image\":{\"@id\":\"https:\\\/\\\/grobelnik.si\\\/#\\\/schema\\\/logo\\\/image\\\/\"},\"sameAs\":[\"https:\\\/\\\/www.facebook.com\\\/tkgrobelnik\\\/\",\"https:\\\/\\\/www.youtube.com\\\/channel\\\/UCip3TPqIjJlNx3lD-Ss8ihw\"]}]}<\/script>\n<!-- \/ Yoast SEO plugin. -->","yoast_head_json":{"title":"[:sl]Pobeg v Posavje[:en]Escape to Posavje[:] - Turisti\u010dna kmetija Grobelnik","robots":{"index":"index","follow":"follow","max-snippet":"max-snippet:-1","max-image-preview":"max-image-preview:large","max-video-preview":"max-video-preview:-1"},"canonical":"https:\/\/grobelnik.si\/pobeg-v-posavje\/","og_locale":"en_US","og_type":"article","og_title":"[:sl]Pobeg v Posavje[:en]Escape to Posavje[:] - Turisti\u010dna kmetija Grobelnik","og_description":"For fishermen for sports fishing enthusiasts on the river Sava. We make sure their props are stored and we provide extra space when they are getting ready for their fishing expeditions. For cyclists we make sure their bikes are safely stored and set up links with the nearest cycling center. For motorcyclists we make sure [&hellip;]","og_url":"https:\/\/grobelnik.si\/pobeg-v-posavje\/","og_site_name":"Turisti\u010dna kmetija Grobelnik","article_publisher":"https:\/\/www.facebook.com\/tkgrobelnik\/","article_modified_time":"2021-05-19T11:34:17+00:00","og_image":[{"width":1980,"height":792,"url":"https:\/\/grobelnik.si\/wp-content\/uploads\/2021\/02\/slide1.jpg","type":"image\/jpeg"}],"twitter_card":"summary_large_image","twitter_misc":{"Est. reading time":"2 minutes"},"schema":{"@context":"https:\/\/schema.org","@graph":[{"@type":"WebPage","@id":"https:\/\/grobelnik.si\/pobeg-v-posavje\/","url":"https:\/\/grobelnik.si\/pobeg-v-posavje\/","name":"[:sl]Pobeg v Posavje[:en]Escape to Posavje[:] - Turisti\u010dna kmetija Grobelnik","isPartOf":{"@id":"https:\/\/grobelnik.si\/#website"},"primaryImageOfPage":{"@id":"https:\/\/grobelnik.si\/pobeg-v-posavje\/#primaryimage"},"image":{"@id":"https:\/\/grobelnik.si\/pobeg-v-posavje\/#primaryimage"},"thumbnailUrl":"https:\/\/grobelnik.si\/wp-content\/uploads\/2021\/02\/slide1.jpg","datePublished":"2021-02-07T13:12:12+00:00","dateModified":"2021-05-19T11:34:17+00:00","breadcrumb":{"@id":"https:\/\/grobelnik.si\/pobeg-v-posavje\/#breadcrumb"},"inLanguage":"en-US","potentialAction":[{"@type":"ReadAction","target":["https:\/\/grobelnik.si\/pobeg-v-posavje\/"]}]},{"@type":"ImageObject","inLanguage":"en-US","@id":"https:\/\/grobelnik.si\/pobeg-v-posavje\/#primaryimage","url":"https:\/\/grobelnik.si\/wp-content\/uploads\/2021\/02\/slide1.jpg","contentUrl":"https:\/\/grobelnik.si\/wp-content\/uploads\/2021\/02\/slide1.jpg","width":1980,"height":792},{"@type":"BreadcrumbList","@id":"https:\/\/grobelnik.si\/pobeg-v-posavje\/#breadcrumb","itemListElement":[{"@type":"ListItem","position":1,"name":"Home","item":"https:\/\/grobelnik.si\/"},{"@type":"ListItem","position":2,"name":"Pobeg v Posavje"}]},{"@type":"WebSite","@id":"https:\/\/grobelnik.si\/#website","url":"https:\/\/grobelnik.si\/","name":"Turisti\u010dna kmetija Grobelnik","description":"Nastanitev za ve\u010dje skupine, polpenzioni, po\u010ditnice, no\u010ditve z zajtrki, pogostitve","publisher":{"@id":"https:\/\/grobelnik.si\/#organization"},"potentialAction":[{"@type":"SearchAction","target":{"@type":"EntryPoint","urlTemplate":"https:\/\/grobelnik.si\/?s={search_term_string}"},"query-input":{"@type":"PropertyValueSpecification","valueRequired":true,"valueName":"search_term_string"}}],"inLanguage":"en-US"},{"@type":"Organization","@id":"https:\/\/grobelnik.si\/#organization","name":"Turisti\u010dna kmetija Grobelnik","url":"https:\/\/grobelnik.si\/","logo":{"@type":"ImageObject","inLanguage":"en-US","@id":"https:\/\/grobelnik.si\/#\/schema\/logo\/image\/","url":"https:\/\/grobelnik.si\/wp-content\/uploads\/2021\/04\/logo_grobelnik_vecji.jpg","contentUrl":"https:\/\/grobelnik.si\/wp-content\/uploads\/2021\/04\/logo_grobelnik_vecji.jpg","width":1000,"height":500,"caption":"Turisti\u010dna kmetija Grobelnik"},"image":{"@id":"https:\/\/grobelnik.si\/#\/schema\/logo\/image\/"},"sameAs":["https:\/\/www.facebook.com\/tkgrobelnik\/","https:\/\/www.youtube.com\/channel\/UCip3TPqIjJlNx3lD-Ss8ihw"]}]}},"_links":{"self":[{"href":"https:\/\/grobelnik.si\/en\/wp-json\/wp\/v2\/pages\/88","targetHints":{"allow":["GET"]}}],"collection":[{"href":"https:\/\/grobelnik.si\/en\/wp-json\/wp\/v2\/pages"}],"about":[{"href":"https:\/\/grobelnik.si\/en\/wp-json\/wp\/v2\/types\/page"}],"author":[{"embeddable":true,"href":"https:\/\/grobelnik.si\/en\/wp-json\/wp\/v2\/users\/1"}],"replies":[{"embeddable":true,"href":"https:\/\/grobelnik.si\/en\/wp-json\/wp\/v2\/comments?post=88"}],"version-history":[{"count":0,"href":"https:\/\/grobelnik.si\/en\/wp-json\/wp\/v2\/pages\/88\/revisions"}],"wp:featuredmedia":[{"embeddable":true,"href":"https:\/\/grobelnik.si\/en\/wp-json\/wp\/v2\/media\/43"}],"wp:attachment":[{"href":"https:\/\/grobelnik.si\/en\/wp-json\/wp\/v2\/media?parent=88"}],"curies":[{"name":"wp","href":"https:\/\/api.w.org\/{rel}","templated":true}]}}