{"id":90,"date":"2021-02-07T14:12:23","date_gmt":"2021-02-07T13:12:23","guid":{"rendered":"https:\/\/grobelnik.si\/?page_id=90"},"modified":"2021-05-19T13:35:18","modified_gmt":"2021-05-19T11:35:18","slug":"za-domov","status":"publish","type":"page","link":"https:\/\/grobelnik.si\/en\/za-domov\/","title":{"rendered":"Something to take home"},"content":{"rendered":"<div id=\"dslc-theme-content\"><div id=\"dslc-theme-content-inner\"><p><\/p>\n<h2>In-house store<\/h2>\n<p>you can also purchase and take home wines, juices, special wines, spirits, brandy and grapeseed oil. When your supplies run out, we can drive or send them to you.<\/p>\n<p>The best quality and favourable option for a guest and visitor is certainly the traceable and source-transparent purchase at the farm\u2019s yard.<\/p>\n<p>&nbsp;<\/p>\n<p><div class=\"wc-gallery\"><div id='gallery-2' data-gutter-width='5' data-columns='5' class='gallery wc-gallery-captions-onhover gallery-link-file gallery-masonry galleryid-90 gallery-columns-5 gallery-size-medium wc-gallery-bottomspace-default wc-gallery-clear'><div class='gallery-item gallery-item-position-1 gallery-item-attachment-175'>\n\t\t\t\t<div class='gallery-icon portrait'>\n\t\t\t\t\t<a href='https:\/\/grobelnik.si\/wp-content\/uploads\/2021\/03\/vinskaklet_vina-681x1024.jpg' title='vinskaklet_vina' target='_self'><img loading=\"lazy\" decoding=\"async\" width=\"200\" height=\"300\" src=\"https:\/\/grobelnik.si\/wp-content\/uploads\/2021\/03\/vinskaklet_vina-200x300.jpg\" class=\"attachment-medium size-medium\" alt=\"\" srcset=\"https:\/\/grobelnik.si\/wp-content\/uploads\/2021\/03\/vinskaklet_vina-200x300.jpg 200w, https:\/\/grobelnik.si\/wp-content\/uploads\/2021\/03\/vinskaklet_vina-681x1024.jpg 681w, https:\/\/grobelnik.si\/wp-content\/uploads\/2021\/03\/vinskaklet_vina-768x1154.jpg 768w, https:\/\/grobelnik.si\/wp-content\/uploads\/2021\/03\/vinskaklet_vina.jpg 1000w\" sizes=\"auto, (max-width: 200px) 100vw, 200px\" \/><\/a>\n\t\t\t\t<\/div><\/div><div class='gallery-item gallery-item-position-2 gallery-item-attachment-172'>\n\t\t\t\t<div class='gallery-icon landscape'>\n\t\t\t\t\t<a href='https:\/\/grobelnik.si\/wp-content\/uploads\/2021\/03\/vinskaklet_grozdnisok.jpg' title='vinskaklet_grozdnisok' target='_self'><img loading=\"lazy\" decoding=\"async\" width=\"300\" height=\"200\" src=\"https:\/\/grobelnik.si\/wp-content\/uploads\/2021\/03\/vinskaklet_grozdnisok-300x200.jpg\" class=\"attachment-medium size-medium\" alt=\"\" srcset=\"https:\/\/grobelnik.si\/wp-content\/uploads\/2021\/03\/vinskaklet_grozdnisok-300x200.jpg 300w, https:\/\/grobelnik.si\/wp-content\/uploads\/2021\/03\/vinskaklet_grozdnisok-768x511.jpg 768w, https:\/\/grobelnik.si\/wp-content\/uploads\/2021\/03\/vinskaklet_grozdnisok-451x300.jpg 451w, https:\/\/grobelnik.si\/wp-content\/uploads\/2021\/03\/vinskaklet_grozdnisok.jpg 1000w\" sizes=\"auto, (max-width: 300px) 100vw, 300px\" \/><\/a>\n\t\t\t\t<\/div><\/div><div class='gallery-item gallery-item-position-3 gallery-item-attachment-183'>\n\t\t\t\t<div class='gallery-icon portrait'>\n\t\t\t\t\t<a href='https:\/\/grobelnik.si\/wp-content\/uploads\/2021\/03\/vinskaklet_zganje-681x1024.jpg' title='vinskaklet_zganje' target='_self'><img loading=\"lazy\" decoding=\"async\" width=\"200\" height=\"300\" src=\"https:\/\/grobelnik.si\/wp-content\/uploads\/2021\/03\/vinskaklet_zganje-200x300.jpg\" class=\"attachment-medium size-medium\" alt=\"\" srcset=\"https:\/\/grobelnik.si\/wp-content\/uploads\/2021\/03\/vinskaklet_zganje-200x300.jpg 200w, https:\/\/grobelnik.si\/wp-content\/uploads\/2021\/03\/vinskaklet_zganje-681x1024.jpg 681w, https:\/\/grobelnik.si\/wp-content\/uploads\/2021\/03\/vinskaklet_zganje-768x1154.jpg 768w, https:\/\/grobelnik.si\/wp-content\/uploads\/2021\/03\/vinskaklet_zganje.jpg 1000w\" sizes=\"auto, (max-width: 200px) 100vw, 200px\" \/><\/a>\n\t\t\t\t<\/div><\/div><div class='gallery-item gallery-item-position-4 gallery-item-attachment-179'>\n\t\t\t\t<div class='gallery-icon portrait'>\n\t\t\t\t\t<a href='https:\/\/grobelnik.si\/wp-content\/uploads\/2021\/03\/vinskaklet_vinjak-681x1024.jpg' title='vinskaklet_vinjak' target='_self'><img loading=\"lazy\" decoding=\"async\" width=\"200\" height=\"300\" src=\"https:\/\/grobelnik.si\/wp-content\/uploads\/2021\/03\/vinskaklet_vinjak-200x300.jpg\" class=\"attachment-medium size-medium\" alt=\"\" srcset=\"https:\/\/grobelnik.si\/wp-content\/uploads\/2021\/03\/vinskaklet_vinjak-200x300.jpg 200w, https:\/\/grobelnik.si\/wp-content\/uploads\/2021\/03\/vinskaklet_vinjak-681x1024.jpg 681w, https:\/\/grobelnik.si\/wp-content\/uploads\/2021\/03\/vinskaklet_vinjak-768x1154.jpg 768w, https:\/\/grobelnik.si\/wp-content\/uploads\/2021\/03\/vinskaklet_vinjak.jpg 1000w\" sizes=\"auto, (max-width: 200px) 100vw, 200px\" \/><\/a>\n\t\t\t\t<\/div><\/div><div class='gallery-item gallery-item-position-5 gallery-item-attachment-173'>\n\t\t\t\t<div class='gallery-icon landscape'>\n\t\t\t\t\t<a href='https:\/\/grobelnik.si\/wp-content\/uploads\/2021\/03\/vinskaklet_olje.jpg' title='vinskaklet_olje' target='_self'><img loading=\"lazy\" decoding=\"async\" width=\"300\" height=\"200\" src=\"https:\/\/grobelnik.si\/wp-content\/uploads\/2021\/03\/vinskaklet_olje-300x200.jpg\" class=\"attachment-medium size-medium\" alt=\"\" srcset=\"https:\/\/grobelnik.si\/wp-content\/uploads\/2021\/03\/vinskaklet_olje-300x200.jpg 300w, https:\/\/grobelnik.si\/wp-content\/uploads\/2021\/03\/vinskaklet_olje-768x511.jpg 768w, https:\/\/grobelnik.si\/wp-content\/uploads\/2021\/03\/vinskaklet_olje-451x300.jpg 451w, https:\/\/grobelnik.si\/wp-content\/uploads\/2021\/03\/vinskaklet_olje.jpg 1000w\" sizes=\"auto, (max-width: 300px) 100vw, 300px\" \/><\/a>\n\t\t\t\t<\/div><\/div><\/div>\n<\/div><\/p><\/div><\/div>","protected":false},"excerpt":{"rendered":"<p>In-house store you can also purchase and take home wines, juices, special wines, spirits, brandy and grapeseed oil. When your supplies run out, we can drive or send them to you. The best quality and favourable option for a guest and visitor is certainly the traceable and source-transparent purchase at the farm\u2019s yard. &nbsp;<\/p>\n","protected":false},"author":1,"featured_media":163,"parent":0,"menu_order":0,"comment_status":"closed","ping_status":"closed","template":"","meta":{"footnotes":""},"class_list":["post-90","page","type-page","status-publish","has-post-thumbnail","hentry"],"yoast_head":"<!-- This site is optimized with the Yoast SEO plugin v27.4 - https:\/\/yoast.com\/product\/yoast-seo-wordpress\/ -->\n<title>Something to take home - Turisti\u010dna kmetija Grobelnik<\/title>\n<meta name=\"robots\" content=\"index, follow, max-snippet:-1, max-image-preview:large, max-video-preview:-1\" \/>\n<link rel=\"canonical\" href=\"https:\/\/grobelnik.si\/za-domov\/\" \/>\n<meta property=\"og:locale\" content=\"en_US\" \/>\n<meta property=\"og:type\" content=\"article\" \/>\n<meta property=\"og:title\" content=\"[:sl]Za domov[:en]Something to take home[:] - Turisti\u010dna kmetija Grobelnik\" \/>\n<meta property=\"og:description\" content=\"In-house store you can also purchase and take home wines, juices, special wines, spirits, brandy and grapeseed oil. When your supplies run out, we can drive or send them to you. The best quality and favourable option for a guest and visitor is certainly the traceable and source-transparent purchase at the farm\u2019s yard. &nbsp;\" \/>\n<meta property=\"og:url\" content=\"https:\/\/grobelnik.si\/za-domov\/\" \/>\n<meta property=\"og:site_name\" content=\"Turisti\u010dna kmetija Grobelnik\" \/>\n<meta property=\"article:publisher\" content=\"https:\/\/www.facebook.com\/tkgrobelnik\/\" \/>\n<meta property=\"article:modified_time\" content=\"2021-05-19T11:35:18+00:00\" \/>\n<meta property=\"og:image\" content=\"https:\/\/grobelnik.si\/wp-content\/uploads\/2021\/03\/zadomov.jpg\" \/>\n\t<meta property=\"og:image:width\" content=\"1920\" \/>\n\t<meta property=\"og:image:height\" content=\"929\" \/>\n\t<meta property=\"og:image:type\" content=\"image\/jpeg\" \/>\n<meta name=\"twitter:card\" content=\"summary_large_image\" \/>\n<meta name=\"twitter:label1\" content=\"Est. reading time\" \/>\n\t<meta name=\"twitter:data1\" content=\"1 minute\" \/>\n<script type=\"application\/ld+json\" class=\"yoast-schema-graph\">{\"@context\":\"https:\\\/\\\/schema.org\",\"@graph\":[{\"@type\":\"WebPage\",\"@id\":\"https:\\\/\\\/grobelnik.si\\\/za-domov\\\/\",\"url\":\"https:\\\/\\\/grobelnik.si\\\/za-domov\\\/\",\"name\":\"[:sl]Za domov[:en]Something to take home[:] - Turisti\u010dna kmetija Grobelnik\",\"isPartOf\":{\"@id\":\"https:\\\/\\\/grobelnik.si\\\/#website\"},\"primaryImageOfPage\":{\"@id\":\"https:\\\/\\\/grobelnik.si\\\/za-domov\\\/#primaryimage\"},\"image\":{\"@id\":\"https:\\\/\\\/grobelnik.si\\\/za-domov\\\/#primaryimage\"},\"thumbnailUrl\":\"https:\\\/\\\/grobelnik.si\\\/wp-content\\\/uploads\\\/2021\\\/03\\\/zadomov.jpg\",\"datePublished\":\"2021-02-07T13:12:23+00:00\",\"dateModified\":\"2021-05-19T11:35:18+00:00\",\"breadcrumb\":{\"@id\":\"https:\\\/\\\/grobelnik.si\\\/za-domov\\\/#breadcrumb\"},\"inLanguage\":\"en-US\",\"potentialAction\":[{\"@type\":\"ReadAction\",\"target\":[\"https:\\\/\\\/grobelnik.si\\\/za-domov\\\/\"]}]},{\"@type\":\"ImageObject\",\"inLanguage\":\"en-US\",\"@id\":\"https:\\\/\\\/grobelnik.si\\\/za-domov\\\/#primaryimage\",\"url\":\"https:\\\/\\\/grobelnik.si\\\/wp-content\\\/uploads\\\/2021\\\/03\\\/zadomov.jpg\",\"contentUrl\":\"https:\\\/\\\/grobelnik.si\\\/wp-content\\\/uploads\\\/2021\\\/03\\\/zadomov.jpg\",\"width\":1920,\"height\":929},{\"@type\":\"BreadcrumbList\",\"@id\":\"https:\\\/\\\/grobelnik.si\\\/za-domov\\\/#breadcrumb\",\"itemListElement\":[{\"@type\":\"ListItem\",\"position\":1,\"name\":\"Home\",\"item\":\"https:\\\/\\\/grobelnik.si\\\/\"},{\"@type\":\"ListItem\",\"position\":2,\"name\":\"Za domov\"}]},{\"@type\":\"WebSite\",\"@id\":\"https:\\\/\\\/grobelnik.si\\\/#website\",\"url\":\"https:\\\/\\\/grobelnik.si\\\/\",\"name\":\"Turisti\u010dna kmetija Grobelnik\",\"description\":\"Nastanitev za ve\u010dje skupine, polpenzioni, po\u010ditnice, no\u010ditve z zajtrki, pogostitve\",\"publisher\":{\"@id\":\"https:\\\/\\\/grobelnik.si\\\/#organization\"},\"potentialAction\":[{\"@type\":\"SearchAction\",\"target\":{\"@type\":\"EntryPoint\",\"urlTemplate\":\"https:\\\/\\\/grobelnik.si\\\/?s={search_term_string}\"},\"query-input\":{\"@type\":\"PropertyValueSpecification\",\"valueRequired\":true,\"valueName\":\"search_term_string\"}}],\"inLanguage\":\"en-US\"},{\"@type\":\"Organization\",\"@id\":\"https:\\\/\\\/grobelnik.si\\\/#organization\",\"name\":\"Turisti\u010dna kmetija Grobelnik\",\"url\":\"https:\\\/\\\/grobelnik.si\\\/\",\"logo\":{\"@type\":\"ImageObject\",\"inLanguage\":\"en-US\",\"@id\":\"https:\\\/\\\/grobelnik.si\\\/#\\\/schema\\\/logo\\\/image\\\/\",\"url\":\"https:\\\/\\\/grobelnik.si\\\/wp-content\\\/uploads\\\/2021\\\/04\\\/logo_grobelnik_vecji.jpg\",\"contentUrl\":\"https:\\\/\\\/grobelnik.si\\\/wp-content\\\/uploads\\\/2021\\\/04\\\/logo_grobelnik_vecji.jpg\",\"width\":1000,\"height\":500,\"caption\":\"Turisti\u010dna kmetija Grobelnik\"},\"image\":{\"@id\":\"https:\\\/\\\/grobelnik.si\\\/#\\\/schema\\\/logo\\\/image\\\/\"},\"sameAs\":[\"https:\\\/\\\/www.facebook.com\\\/tkgrobelnik\\\/\",\"https:\\\/\\\/www.youtube.com\\\/channel\\\/UCip3TPqIjJlNx3lD-Ss8ihw\"]}]}<\/script>\n<!-- \/ Yoast SEO plugin. -->","yoast_head_json":{"title":"[:sl]Za domov[:en]Something to take home[:] - Turisti\u010dna kmetija Grobelnik","robots":{"index":"index","follow":"follow","max-snippet":"max-snippet:-1","max-image-preview":"max-image-preview:large","max-video-preview":"max-video-preview:-1"},"canonical":"https:\/\/grobelnik.si\/za-domov\/","og_locale":"en_US","og_type":"article","og_title":"[:sl]Za domov[:en]Something to take home[:] - Turisti\u010dna kmetija Grobelnik","og_description":"In-house store you can also purchase and take home wines, juices, special wines, spirits, brandy and grapeseed oil. When your supplies run out, we can drive or send them to you. The best quality and favourable option for a guest and visitor is certainly the traceable and source-transparent purchase at the farm\u2019s yard. &nbsp;","og_url":"https:\/\/grobelnik.si\/za-domov\/","og_site_name":"Turisti\u010dna kmetija Grobelnik","article_publisher":"https:\/\/www.facebook.com\/tkgrobelnik\/","article_modified_time":"2021-05-19T11:35:18+00:00","og_image":[{"width":1920,"height":929,"url":"https:\/\/grobelnik.si\/wp-content\/uploads\/2021\/03\/zadomov.jpg","type":"image\/jpeg"}],"twitter_card":"summary_large_image","twitter_misc":{"Est. reading time":"1 minute"},"schema":{"@context":"https:\/\/schema.org","@graph":[{"@type":"WebPage","@id":"https:\/\/grobelnik.si\/za-domov\/","url":"https:\/\/grobelnik.si\/za-domov\/","name":"[:sl]Za domov[:en]Something to take home[:] - Turisti\u010dna kmetija Grobelnik","isPartOf":{"@id":"https:\/\/grobelnik.si\/#website"},"primaryImageOfPage":{"@id":"https:\/\/grobelnik.si\/za-domov\/#primaryimage"},"image":{"@id":"https:\/\/grobelnik.si\/za-domov\/#primaryimage"},"thumbnailUrl":"https:\/\/grobelnik.si\/wp-content\/uploads\/2021\/03\/zadomov.jpg","datePublished":"2021-02-07T13:12:23+00:00","dateModified":"2021-05-19T11:35:18+00:00","breadcrumb":{"@id":"https:\/\/grobelnik.si\/za-domov\/#breadcrumb"},"inLanguage":"en-US","potentialAction":[{"@type":"ReadAction","target":["https:\/\/grobelnik.si\/za-domov\/"]}]},{"@type":"ImageObject","inLanguage":"en-US","@id":"https:\/\/grobelnik.si\/za-domov\/#primaryimage","url":"https:\/\/grobelnik.si\/wp-content\/uploads\/2021\/03\/zadomov.jpg","contentUrl":"https:\/\/grobelnik.si\/wp-content\/uploads\/2021\/03\/zadomov.jpg","width":1920,"height":929},{"@type":"BreadcrumbList","@id":"https:\/\/grobelnik.si\/za-domov\/#breadcrumb","itemListElement":[{"@type":"ListItem","position":1,"name":"Home","item":"https:\/\/grobelnik.si\/"},{"@type":"ListItem","position":2,"name":"Za domov"}]},{"@type":"WebSite","@id":"https:\/\/grobelnik.si\/#website","url":"https:\/\/grobelnik.si\/","name":"Turisti\u010dna kmetija Grobelnik","description":"Nastanitev za ve\u010dje skupine, polpenzioni, po\u010ditnice, no\u010ditve z zajtrki, pogostitve","publisher":{"@id":"https:\/\/grobelnik.si\/#organization"},"potentialAction":[{"@type":"SearchAction","target":{"@type":"EntryPoint","urlTemplate":"https:\/\/grobelnik.si\/?s={search_term_string}"},"query-input":{"@type":"PropertyValueSpecification","valueRequired":true,"valueName":"search_term_string"}}],"inLanguage":"en-US"},{"@type":"Organization","@id":"https:\/\/grobelnik.si\/#organization","name":"Turisti\u010dna kmetija Grobelnik","url":"https:\/\/grobelnik.si\/","logo":{"@type":"ImageObject","inLanguage":"en-US","@id":"https:\/\/grobelnik.si\/#\/schema\/logo\/image\/","url":"https:\/\/grobelnik.si\/wp-content\/uploads\/2021\/04\/logo_grobelnik_vecji.jpg","contentUrl":"https:\/\/grobelnik.si\/wp-content\/uploads\/2021\/04\/logo_grobelnik_vecji.jpg","width":1000,"height":500,"caption":"Turisti\u010dna kmetija Grobelnik"},"image":{"@id":"https:\/\/grobelnik.si\/#\/schema\/logo\/image\/"},"sameAs":["https:\/\/www.facebook.com\/tkgrobelnik\/","https:\/\/www.youtube.com\/channel\/UCip3TPqIjJlNx3lD-Ss8ihw"]}]}},"_links":{"self":[{"href":"https:\/\/grobelnik.si\/en\/wp-json\/wp\/v2\/pages\/90","targetHints":{"allow":["GET"]}}],"collection":[{"href":"https:\/\/grobelnik.si\/en\/wp-json\/wp\/v2\/pages"}],"about":[{"href":"https:\/\/grobelnik.si\/en\/wp-json\/wp\/v2\/types\/page"}],"author":[{"embeddable":true,"href":"https:\/\/grobelnik.si\/en\/wp-json\/wp\/v2\/users\/1"}],"replies":[{"embeddable":true,"href":"https:\/\/grobelnik.si\/en\/wp-json\/wp\/v2\/comments?post=90"}],"version-history":[{"count":0,"href":"https:\/\/grobelnik.si\/en\/wp-json\/wp\/v2\/pages\/90\/revisions"}],"wp:featuredmedia":[{"embeddable":true,"href":"https:\/\/grobelnik.si\/en\/wp-json\/wp\/v2\/media\/163"}],"wp:attachment":[{"href":"https:\/\/grobelnik.si\/en\/wp-json\/wp\/v2\/media?parent=90"}],"curies":[{"name":"wp","href":"https:\/\/api.w.org\/{rel}","templated":true}]}}